{"id":59774,"date":"2025-04-01T13:30:38","date_gmt":"2025-04-01T13:30:38","guid":{"rendered":"https:\/\/trailerpartsplaza.com\/product\/markierungsleuchte-weiss-100x40mm-ovale-led-12v-und-halterung-radex-929\/"},"modified":"2025-04-01T13:30:38","modified_gmt":"2025-04-01T13:30:38","slug":"markierungsleuchte-weiss-100x40mm-ovale-led-12v-und-halterung-radex-929","status":"publish","type":"product","link":"https:\/\/trailerpartsplaza.com\/de\/produkt\/markierungsleuchte-weiss-100x40mm-ovale-led-12v-und-halterung-radex-929\/","title":{"rendered":"Markierungsleuchte wei\u00df 100x40mm, ovale LED 12V und Halterung Radex 929"},"content":{"rendered":"","protected":false},"excerpt":{"rendered":"<p>Die Markierungsleuchte wei\u00df 100x40mm, oval led 12v. und Halterung radex 929 ist f\u00fcr zuverl\u00e4ssige Leistung und Langlebigkeit konzipiert. Die intelligente Konstruktion und die Abmessungen machen die Montage einfach. Entwickelt f\u00fcr lange Lebensdauer und Benutzerfreundlichkeit. M\u00f6chten Sie weitere Informationen zu diesem Produkt? Dann nehmen Sie Kontakt mit uns auf!<\/p>\n","protected":false},"featured_media":55860,"comment_status":"open","ping_status":"closed","template":"","meta":{"_joinchat":[]},"product_brand":[],"product_cat":[995,1026,1028],"product_tag":[],"class_list":{"0":"post-59774","1":"product","2":"type-product","3":"status-publish","4":"has-post-thumbnail","6":"product_cat-beleuchtung","7":"product_cat-led-beleuchtung","8":"product_cat-markierungsleuchten","11":"first","12":"instock","13":"taxable","14":"shipping-taxable","15":"purchasable","16":"product-type-simple"},"_links":{"self":[{"href":"https:\/\/trailerpartsplaza.com\/de\/wp-json\/wp\/v2\/product\/59774"}],"collection":[{"href":"https:\/\/trailerpartsplaza.com\/de\/wp-json\/wp\/v2\/product"}],"about":[{"href":"https:\/\/trailerpartsplaza.com\/de\/wp-json\/wp\/v2\/types\/product"}],"replies":[{"embeddable":true,"href":"https:\/\/trailerpartsplaza.com\/de\/wp-json\/wp\/v2\/comments?post=59774"}],"wp:featuredmedia":[{"embeddable":true,"href":"https:\/\/trailerpartsplaza.com\/de\/wp-json\/wp\/v2\/media\/55860"}],"wp:attachment":[{"href":"https:\/\/trailerpartsplaza.com\/de\/wp-json\/wp\/v2\/media?parent=59774"}],"wp:term":[{"taxonomy":"product_brand","embeddable":true,"href":"https:\/\/trailerpartsplaza.com\/de\/wp-json\/wp\/v2\/product_brand?post=59774"},{"taxonomy":"product_cat","embeddable":true,"href":"https:\/\/trailerpartsplaza.com\/de\/wp-json\/wp\/v2\/product_cat?post=59774"},{"taxonomy":"product_tag","embeddable":true,"href":"https:\/\/trailerpartsplaza.com\/de\/wp-json\/wp\/v2\/product_tag?post=59774"}],"curies":[{"name":"wp","href":"https:\/\/api.w.org\/{rel}","templated":true}]}}