{"id":59812,"date":"2025-04-01T13:30:05","date_gmt":"2025-04-01T13:30:05","guid":{"rendered":"https:\/\/trailerpartsplaza.com\/product\/blinklicht-80x80mm-36led-10-30v\/"},"modified":"2025-04-01T13:30:05","modified_gmt":"2025-04-01T13:30:05","slug":"blinklicht-80x80mm-36led-10-30v","status":"publish","type":"product","link":"https:\/\/trailerpartsplaza.com\/de\/produkt\/blinklicht-80x80mm-36led-10-30v\/","title":{"rendered":"Blinklicht 80x80mm.36LED 10-&gt;30V."},"content":{"rendered":"","protected":false},"excerpt":{"rendered":"<p>Die blinkende 80x80mm.36led 10-&gt;30v. bietet robuste Unterst\u00fctzung f\u00fcr eine Vielzahl von Anwendungen. Perfekt auf die g\u00e4ngigen Fahrzeugspezifikationen abgestimmt. Ideal f\u00fcr Anh\u00e4nger, Wohnwagen und andere Transportmittel. M\u00f6chten Sie weitere Informationen zu diesem Produkt? Dann nehmen Sie Kontakt mit uns auf!     <\/p>\n","protected":false},"featured_media":55779,"comment_status":"open","ping_status":"closed","template":"","meta":{"_joinchat":[]},"product_brand":[],"product_cat":[995,1026,1054],"product_tag":[],"class_list":{"0":"post-59812","1":"product","2":"type-product","3":"status-publish","4":"has-post-thumbnail","6":"product_cat-beleuchtung","7":"product_cat-led-beleuchtung","8":"product_cat-nebelscheinwerfer","11":"first","12":"instock","13":"taxable","14":"shipping-taxable","15":"purchasable","16":"product-type-simple"},"_links":{"self":[{"href":"https:\/\/trailerpartsplaza.com\/de\/wp-json\/wp\/v2\/product\/59812"}],"collection":[{"href":"https:\/\/trailerpartsplaza.com\/de\/wp-json\/wp\/v2\/product"}],"about":[{"href":"https:\/\/trailerpartsplaza.com\/de\/wp-json\/wp\/v2\/types\/product"}],"replies":[{"embeddable":true,"href":"https:\/\/trailerpartsplaza.com\/de\/wp-json\/wp\/v2\/comments?post=59812"}],"wp:featuredmedia":[{"embeddable":true,"href":"https:\/\/trailerpartsplaza.com\/de\/wp-json\/wp\/v2\/media\/55779"}],"wp:attachment":[{"href":"https:\/\/trailerpartsplaza.com\/de\/wp-json\/wp\/v2\/media?parent=59812"}],"wp:term":[{"taxonomy":"product_brand","embeddable":true,"href":"https:\/\/trailerpartsplaza.com\/de\/wp-json\/wp\/v2\/product_brand?post=59812"},{"taxonomy":"product_cat","embeddable":true,"href":"https:\/\/trailerpartsplaza.com\/de\/wp-json\/wp\/v2\/product_cat?post=59812"},{"taxonomy":"product_tag","embeddable":true,"href":"https:\/\/trailerpartsplaza.com\/de\/wp-json\/wp\/v2\/product_tag?post=59812"}],"curies":[{"name":"wp","href":"https:\/\/api.w.org\/{rel}","templated":true}]}}