{"id":59828,"date":"2025-04-01T13:29:31","date_gmt":"2025-04-01T13:29:31","guid":{"rendered":"https:\/\/trailerpartsplaza.com\/product\/ruecklichtglas-220x160x55mmr\/"},"modified":"2025-04-01T13:29:31","modified_gmt":"2025-04-01T13:29:31","slug":"ruecklichtglas-220x160x55mmr","status":"publish","type":"product","link":"https:\/\/trailerpartsplaza.com\/de\/produkt\/ruecklichtglas-220x160x55mmr\/","title":{"rendered":"R\u00fccklichtglas 220x160x55mm(R)"},"content":{"rendered":"","protected":false},"excerpt":{"rendered":"<p>Das R\u00fccklichtglas 220x160x55mm.(r) ist f\u00fcr zuverl\u00e4ssige Leistung und Langlebigkeit konzipiert. Die Kombination aus Robustheit und Funktionalit\u00e4t macht es zu einer zuverl\u00e4ssigen L\u00f6sung. Entwickelt f\u00fcr eine lange Lebensdauer und einfache Anwendung. M\u00f6chten Sie weitere Informationen zu diesem Produkt? Dann nehmen Sie Kontakt mit uns auf!<\/p>\n","protected":false},"featured_media":57697,"comment_status":"open","ping_status":"closed","template":"","meta":{"_joinchat":[]},"product_brand":[],"product_cat":[995,1046],"product_tag":[],"class_list":{"0":"post-59828","1":"product","2":"type-product","3":"status-publish","4":"has-post-thumbnail","6":"product_cat-beleuchtung","7":"product_cat-rucklicht-loses-glas","10":"first","11":"instock","12":"taxable","13":"shipping-taxable","14":"purchasable","15":"product-type-simple"},"_links":{"self":[{"href":"https:\/\/trailerpartsplaza.com\/de\/wp-json\/wp\/v2\/product\/59828"}],"collection":[{"href":"https:\/\/trailerpartsplaza.com\/de\/wp-json\/wp\/v2\/product"}],"about":[{"href":"https:\/\/trailerpartsplaza.com\/de\/wp-json\/wp\/v2\/types\/product"}],"replies":[{"embeddable":true,"href":"https:\/\/trailerpartsplaza.com\/de\/wp-json\/wp\/v2\/comments?post=59828"}],"wp:featuredmedia":[{"embeddable":true,"href":"https:\/\/trailerpartsplaza.com\/de\/wp-json\/wp\/v2\/media\/57697"}],"wp:attachment":[{"href":"https:\/\/trailerpartsplaza.com\/de\/wp-json\/wp\/v2\/media?parent=59828"}],"wp:term":[{"taxonomy":"product_brand","embeddable":true,"href":"https:\/\/trailerpartsplaza.com\/de\/wp-json\/wp\/v2\/product_brand?post=59828"},{"taxonomy":"product_cat","embeddable":true,"href":"https:\/\/trailerpartsplaza.com\/de\/wp-json\/wp\/v2\/product_cat?post=59828"},{"taxonomy":"product_tag","embeddable":true,"href":"https:\/\/trailerpartsplaza.com\/de\/wp-json\/wp\/v2\/product_tag?post=59828"}],"curies":[{"name":"wp","href":"https:\/\/api.w.org\/{rel}","templated":true}]}}