{"id":59875,"date":"2025-04-01T13:27:59","date_gmt":"2025-04-01T13:27:59","guid":{"rendered":"https:\/\/trailerpartsplaza.com\/product\/reflektor-weiss-o60mm-selbstklebend-radex-421\/"},"modified":"2025-04-01T13:27:59","modified_gmt":"2025-04-01T13:27:59","slug":"reflektor-weiss-o60mm-selbstklebend-radex-421","status":"publish","type":"product","link":"https:\/\/trailerpartsplaza.com\/de\/produkt\/reflektor-weiss-o60mm-selbstklebend-radex-421\/","title":{"rendered":"Reflektor wei\u00df \u00d860mm.selbstklebend Radex 421"},"content":{"rendered":"","protected":false},"excerpt":{"rendered":"<p>Der Reflektor wei\u00df 60mm.selbstklebend radex 421 bietet robusten Halt f\u00fcr eine Vielzahl von Anwendungen. Diese Version ist aus hochwertigem Material gefertigt und f\u00fcr den t\u00e4glichen Gebrauch geeignet. Ideal f\u00fcr Anh\u00e4nger, Wohnwagen und andere Transportmittel. M\u00f6chten Sie weitere Informationen zu diesem Produkt? Dann nehmen Sie Kontakt mit uns auf!    <\/p>\n","protected":false},"featured_media":55638,"comment_status":"open","ping_status":"closed","template":"","meta":{"_joinchat":[]},"product_brand":[],"product_cat":[995,1063],"product_tag":[],"class_list":{"0":"post-59875","1":"product","2":"type-product","3":"status-publish","4":"has-post-thumbnail","6":"product_cat-beleuchtung","7":"product_cat-reflektoren","10":"first","11":"outofstock","12":"taxable","13":"shipping-taxable","14":"purchasable","15":"product-type-simple"},"_links":{"self":[{"href":"https:\/\/trailerpartsplaza.com\/de\/wp-json\/wp\/v2\/product\/59875"}],"collection":[{"href":"https:\/\/trailerpartsplaza.com\/de\/wp-json\/wp\/v2\/product"}],"about":[{"href":"https:\/\/trailerpartsplaza.com\/de\/wp-json\/wp\/v2\/types\/product"}],"replies":[{"embeddable":true,"href":"https:\/\/trailerpartsplaza.com\/de\/wp-json\/wp\/v2\/comments?post=59875"}],"wp:featuredmedia":[{"embeddable":true,"href":"https:\/\/trailerpartsplaza.com\/de\/wp-json\/wp\/v2\/media\/55638"}],"wp:attachment":[{"href":"https:\/\/trailerpartsplaza.com\/de\/wp-json\/wp\/v2\/media?parent=59875"}],"wp:term":[{"taxonomy":"product_brand","embeddable":true,"href":"https:\/\/trailerpartsplaza.com\/de\/wp-json\/wp\/v2\/product_brand?post=59875"},{"taxonomy":"product_cat","embeddable":true,"href":"https:\/\/trailerpartsplaza.com\/de\/wp-json\/wp\/v2\/product_cat?post=59875"},{"taxonomy":"product_tag","embeddable":true,"href":"https:\/\/trailerpartsplaza.com\/de\/wp-json\/wp\/v2\/product_tag?post=59875"}],"curies":[{"name":"wp","href":"https:\/\/api.w.org\/{rel}","templated":true}]}}