{"id":59898,"date":"2025-04-01T13:28:15","date_gmt":"2025-04-01T13:28:15","guid":{"rendered":"https:\/\/trailerpartsplaza.com\/product\/winkelbuegel-fuer-o60-mm-reflektor-radex\/"},"modified":"2025-04-01T13:28:15","modified_gmt":"2025-04-01T13:28:15","slug":"winkelbuegel-fuer-o60-mm-reflektor-radex","status":"publish","type":"product","link":"https:\/\/trailerpartsplaza.com\/de\/produkt\/winkelbuegel-fuer-o60-mm-reflektor-radex\/","title":{"rendered":"Winkelb\u00fcgel f\u00fcr \u00d860 mm Reflektor Radex"},"content":{"rendered":"","protected":false},"excerpt":{"rendered":"<p>Die abgewinkelte Halterung f\u00fcr 60-mm-Reflektor-Raxx bietet robusten Halt f\u00fcr eine Vielzahl von Anwendungen. Dank seiner intelligenten Konstruktion und Abmessungen ist die Montage einfach. Eine beliebte Komponente bei professionellen Anwendern. M\u00f6chten Sie weitere Informationen zu diesem Produkt? Dann nehmen Sie Kontakt mit uns auf!    <\/p>\n","protected":false},"featured_media":55677,"comment_status":"open","ping_status":"closed","template":"","meta":{"_joinchat":[]},"product_brand":[],"product_cat":[995,1063],"product_tag":[],"class_list":{"0":"post-59898","1":"product","2":"type-product","3":"status-publish","4":"has-post-thumbnail","6":"product_cat-beleuchtung","7":"product_cat-reflektoren","10":"first","11":"instock","12":"taxable","13":"shipping-taxable","14":"purchasable","15":"product-type-simple"},"_links":{"self":[{"href":"https:\/\/trailerpartsplaza.com\/de\/wp-json\/wp\/v2\/product\/59898"}],"collection":[{"href":"https:\/\/trailerpartsplaza.com\/de\/wp-json\/wp\/v2\/product"}],"about":[{"href":"https:\/\/trailerpartsplaza.com\/de\/wp-json\/wp\/v2\/types\/product"}],"replies":[{"embeddable":true,"href":"https:\/\/trailerpartsplaza.com\/de\/wp-json\/wp\/v2\/comments?post=59898"}],"wp:featuredmedia":[{"embeddable":true,"href":"https:\/\/trailerpartsplaza.com\/de\/wp-json\/wp\/v2\/media\/55677"}],"wp:attachment":[{"href":"https:\/\/trailerpartsplaza.com\/de\/wp-json\/wp\/v2\/media?parent=59898"}],"wp:term":[{"taxonomy":"product_brand","embeddable":true,"href":"https:\/\/trailerpartsplaza.com\/de\/wp-json\/wp\/v2\/product_brand?post=59898"},{"taxonomy":"product_cat","embeddable":true,"href":"https:\/\/trailerpartsplaza.com\/de\/wp-json\/wp\/v2\/product_cat?post=59898"},{"taxonomy":"product_tag","embeddable":true,"href":"https:\/\/trailerpartsplaza.com\/de\/wp-json\/wp\/v2\/product_tag?post=59898"}],"curies":[{"name":"wp","href":"https:\/\/api.w.org\/{rel}","templated":true}]}}