{"id":59905,"date":"2025-04-01T13:28:15","date_gmt":"2025-04-01T13:28:15","guid":{"rendered":"https:\/\/trailerpartsplaza.com\/product\/reflektor-rot-104x51mm-selbstklebend\/"},"modified":"2025-04-01T13:28:15","modified_gmt":"2025-04-01T13:28:15","slug":"reflektor-rot-104x51mm-selbstklebend","status":"publish","type":"product","link":"https:\/\/trailerpartsplaza.com\/de\/produkt\/reflektor-rot-104x51mm-selbstklebend\/","title":{"rendered":"Reflektor rot 104x51mm.selbstklebend"},"content":{"rendered":"","protected":false},"excerpt":{"rendered":"<p>Mit dem Reflektor rot 104x51mm.selbstklebend k\u00f6nnen Sie Ihren Anh\u00e4nger oder Trailer ganz einfach versch\u00f6nern. Die Kombination aus Robustheit und Funktionalit\u00e4t macht ihn zu einer zuverl\u00e4ssigen L\u00f6sung. Eine h\u00e4ufig gew\u00e4hlte Komponente bei professionellen Anwendern. M\u00f6chten Sie weitere Informationen zu diesem Produkt? Dann nehmen Sie Kontakt mit uns auf!    <\/p>\n","protected":false},"featured_media":55671,"comment_status":"open","ping_status":"closed","template":"","meta":{"_joinchat":[]},"product_brand":[],"product_cat":[995,1063],"product_tag":[],"class_list":{"0":"post-59905","1":"product","2":"type-product","3":"status-publish","4":"has-post-thumbnail","6":"product_cat-beleuchtung","7":"product_cat-reflektoren","10":"first","11":"instock","12":"taxable","13":"shipping-taxable","14":"purchasable","15":"product-type-simple"},"_links":{"self":[{"href":"https:\/\/trailerpartsplaza.com\/de\/wp-json\/wp\/v2\/product\/59905"}],"collection":[{"href":"https:\/\/trailerpartsplaza.com\/de\/wp-json\/wp\/v2\/product"}],"about":[{"href":"https:\/\/trailerpartsplaza.com\/de\/wp-json\/wp\/v2\/types\/product"}],"replies":[{"embeddable":true,"href":"https:\/\/trailerpartsplaza.com\/de\/wp-json\/wp\/v2\/comments?post=59905"}],"wp:featuredmedia":[{"embeddable":true,"href":"https:\/\/trailerpartsplaza.com\/de\/wp-json\/wp\/v2\/media\/55671"}],"wp:attachment":[{"href":"https:\/\/trailerpartsplaza.com\/de\/wp-json\/wp\/v2\/media?parent=59905"}],"wp:term":[{"taxonomy":"product_brand","embeddable":true,"href":"https:\/\/trailerpartsplaza.com\/de\/wp-json\/wp\/v2\/product_brand?post=59905"},{"taxonomy":"product_cat","embeddable":true,"href":"https:\/\/trailerpartsplaza.com\/de\/wp-json\/wp\/v2\/product_cat?post=59905"},{"taxonomy":"product_tag","embeddable":true,"href":"https:\/\/trailerpartsplaza.com\/de\/wp-json\/wp\/v2\/product_tag?post=59905"}],"curies":[{"name":"wp","href":"https:\/\/api.w.org\/{rel}","templated":true}]}}