{"id":59907,"date":"2025-04-01T13:28:17","date_gmt":"2025-04-01T13:28:17","guid":{"rendered":"https:\/\/trailerpartsplaza.com\/product\/reflektor-60-mm-rot-zum-anschrauben\/"},"modified":"2025-04-01T13:28:17","modified_gmt":"2025-04-01T13:28:17","slug":"reflektor-60-mm-rot-zum-anschrauben","status":"publish","type":"product","link":"https:\/\/trailerpartsplaza.com\/de\/produkt\/reflektor-60-mm-rot-zum-anschrauben\/","title":{"rendered":"Reflektor 60 mm rot, zum Anschrauben"},"content":{"rendered":"","protected":false},"excerpt":{"rendered":"<p>Der rote, anschraubbare Reflektor 60mm bietet robusten Halt f\u00fcr eine Vielzahl von Anwendungen. Sowohl f\u00fcr leichte als auch f\u00fcr schwerere Anwendungen geeignet. Entwickelt f\u00fcr lange Lebensdauer und einfache Anwendung. M\u00f6chten Sie weitere Informationen zu diesem Produkt? Dann nehmen Sie Kontakt mit uns auf!    <\/p>\n","protected":false},"featured_media":55686,"comment_status":"open","ping_status":"closed","template":"","meta":{"_joinchat":[]},"product_brand":[],"product_cat":[995,1063],"product_tag":[],"class_list":{"0":"post-59907","1":"product","2":"type-product","3":"status-publish","4":"has-post-thumbnail","6":"product_cat-beleuchtung","7":"product_cat-reflektoren","10":"first","11":"instock","12":"taxable","13":"shipping-taxable","14":"purchasable","15":"product-type-simple"},"_links":{"self":[{"href":"https:\/\/trailerpartsplaza.com\/de\/wp-json\/wp\/v2\/product\/59907"}],"collection":[{"href":"https:\/\/trailerpartsplaza.com\/de\/wp-json\/wp\/v2\/product"}],"about":[{"href":"https:\/\/trailerpartsplaza.com\/de\/wp-json\/wp\/v2\/types\/product"}],"replies":[{"embeddable":true,"href":"https:\/\/trailerpartsplaza.com\/de\/wp-json\/wp\/v2\/comments?post=59907"}],"wp:featuredmedia":[{"embeddable":true,"href":"https:\/\/trailerpartsplaza.com\/de\/wp-json\/wp\/v2\/media\/55686"}],"wp:attachment":[{"href":"https:\/\/trailerpartsplaza.com\/de\/wp-json\/wp\/v2\/media?parent=59907"}],"wp:term":[{"taxonomy":"product_brand","embeddable":true,"href":"https:\/\/trailerpartsplaza.com\/de\/wp-json\/wp\/v2\/product_brand?post=59907"},{"taxonomy":"product_cat","embeddable":true,"href":"https:\/\/trailerpartsplaza.com\/de\/wp-json\/wp\/v2\/product_cat?post=59907"},{"taxonomy":"product_tag","embeddable":true,"href":"https:\/\/trailerpartsplaza.com\/de\/wp-json\/wp\/v2\/product_tag?post=59907"}],"curies":[{"name":"wp","href":"https:\/\/api.w.org\/{rel}","templated":true}]}}