{"id":59922,"date":"2025-04-01T13:28:40","date_gmt":"2025-04-01T13:28:40","guid":{"rendered":"https:\/\/trailerpartsplaza.com\/product\/glasruecklicht-ajba-rl-20-130-222x100x60mm-r\/"},"modified":"2025-04-01T13:28:40","modified_gmt":"2025-04-01T13:28:40","slug":"glasruecklicht-ajba-rl-20-130-222x100x60mm-r","status":"publish","type":"product","link":"https:\/\/trailerpartsplaza.com\/de\/produkt\/glasruecklicht-ajba-rl-20-130-222x100x60mm-r\/","title":{"rendered":"Glasr\u00fccklicht AJBA RL.20.130 222x100x60mm (R)"},"content":{"rendered":"","protected":false},"excerpt":{"rendered":"<p>Das Glasr\u00fccklicht ajba rl.20.130 222x100x60mm (r) bietet robuste Unterst\u00fctzung f\u00fcr eine Vielzahl von Anwendungen. Diese Version ist aus hochwertigem Material gefertigt und f\u00fcr den t\u00e4glichen Gebrauch geeignet. Entwickelt f\u00fcr eine lange Lebensdauer und einfache Handhabung. M\u00f6chten Sie weitere Informationen zu diesem Produkt? Dann nehmen Sie Kontakt mit uns auf!    <\/p>\n","protected":false},"featured_media":57877,"comment_status":"open","ping_status":"closed","template":"","meta":{"_joinchat":[]},"product_brand":[],"product_cat":[995,1046],"product_tag":[],"class_list":{"0":"post-59922","1":"product","2":"type-product","3":"status-publish","4":"has-post-thumbnail","6":"product_cat-beleuchtung","7":"product_cat-rucklicht-loses-glas","10":"first","11":"instock","12":"taxable","13":"shipping-taxable","14":"purchasable","15":"product-type-simple"},"_links":{"self":[{"href":"https:\/\/trailerpartsplaza.com\/de\/wp-json\/wp\/v2\/product\/59922"}],"collection":[{"href":"https:\/\/trailerpartsplaza.com\/de\/wp-json\/wp\/v2\/product"}],"about":[{"href":"https:\/\/trailerpartsplaza.com\/de\/wp-json\/wp\/v2\/types\/product"}],"replies":[{"embeddable":true,"href":"https:\/\/trailerpartsplaza.com\/de\/wp-json\/wp\/v2\/comments?post=59922"}],"wp:featuredmedia":[{"embeddable":true,"href":"https:\/\/trailerpartsplaza.com\/de\/wp-json\/wp\/v2\/media\/57877"}],"wp:attachment":[{"href":"https:\/\/trailerpartsplaza.com\/de\/wp-json\/wp\/v2\/media?parent=59922"}],"wp:term":[{"taxonomy":"product_brand","embeddable":true,"href":"https:\/\/trailerpartsplaza.com\/de\/wp-json\/wp\/v2\/product_brand?post=59922"},{"taxonomy":"product_cat","embeddable":true,"href":"https:\/\/trailerpartsplaza.com\/de\/wp-json\/wp\/v2\/product_cat?post=59922"},{"taxonomy":"product_tag","embeddable":true,"href":"https:\/\/trailerpartsplaza.com\/de\/wp-json\/wp\/v2\/product_tag?post=59922"}],"curies":[{"name":"wp","href":"https:\/\/api.w.org\/{rel}","templated":true}]}}