{"id":59940,"date":"2025-04-01T13:29:16","date_gmt":"2025-04-01T13:29:16","guid":{"rendered":"https:\/\/trailerpartsplaza.com\/product\/ruecklichtglas-185x130mm-l-ajba-reflektor-orange\/"},"modified":"2025-04-01T13:29:16","modified_gmt":"2025-04-01T13:29:16","slug":"ruecklichtglas-185x130mm-l-ajba-reflektor-orange","status":"publish","type":"product","link":"https:\/\/trailerpartsplaza.com\/de\/produkt\/ruecklichtglas-185x130mm-l-ajba-reflektor-orange\/","title":{"rendered":"R\u00fccklichtglas 185x130mm (L) Ajba Reflektor orange"},"content":{"rendered":"","protected":false},"excerpt":{"rendered":"<p>Das R\u00fccklicht Glas 185x130mm (l) ajba Reflektor orange ist f\u00fcr zuverl\u00e4ssige Leistung und Langlebigkeit konzipiert. Seine intelligente Konstruktion und seine Abmessungen machen die Montage einfach. Bitte kontaktieren Sie uns f\u00fcr weitere Informationen zu diesem Produkt. M\u00f6chten Sie weitere Informationen zu diesem Produkt? Dann nehmen Sie bitte Kontakt mit uns auf!    <\/p>\n","protected":false},"featured_media":57694,"comment_status":"open","ping_status":"closed","template":"","meta":{"_joinchat":[]},"product_brand":[],"product_cat":[995,1046],"product_tag":[],"class_list":{"0":"post-59940","1":"product","2":"type-product","3":"status-publish","4":"has-post-thumbnail","6":"product_cat-beleuchtung","7":"product_cat-rucklicht-loses-glas","10":"first","11":"outofstock","12":"taxable","13":"shipping-taxable","14":"purchasable","15":"product-type-simple"},"_links":{"self":[{"href":"https:\/\/trailerpartsplaza.com\/de\/wp-json\/wp\/v2\/product\/59940"}],"collection":[{"href":"https:\/\/trailerpartsplaza.com\/de\/wp-json\/wp\/v2\/product"}],"about":[{"href":"https:\/\/trailerpartsplaza.com\/de\/wp-json\/wp\/v2\/types\/product"}],"replies":[{"embeddable":true,"href":"https:\/\/trailerpartsplaza.com\/de\/wp-json\/wp\/v2\/comments?post=59940"}],"wp:featuredmedia":[{"embeddable":true,"href":"https:\/\/trailerpartsplaza.com\/de\/wp-json\/wp\/v2\/media\/57694"}],"wp:attachment":[{"href":"https:\/\/trailerpartsplaza.com\/de\/wp-json\/wp\/v2\/media?parent=59940"}],"wp:term":[{"taxonomy":"product_brand","embeddable":true,"href":"https:\/\/trailerpartsplaza.com\/de\/wp-json\/wp\/v2\/product_brand?post=59940"},{"taxonomy":"product_cat","embeddable":true,"href":"https:\/\/trailerpartsplaza.com\/de\/wp-json\/wp\/v2\/product_cat?post=59940"},{"taxonomy":"product_tag","embeddable":true,"href":"https:\/\/trailerpartsplaza.com\/de\/wp-json\/wp\/v2\/product_tag?post=59940"}],"curies":[{"name":"wp","href":"https:\/\/api.w.org\/{rel}","templated":true}]}}