{"id":59965,"date":"2025-04-01T13:27:42","date_gmt":"2025-04-01T13:27:42","guid":{"rendered":"https:\/\/trailerpartsplaza.com\/product\/arbeitsscheinwerfer-led-5x3w-80x80x30mm-10-30v-budget\/"},"modified":"2025-04-01T13:27:42","modified_gmt":"2025-04-01T13:27:42","slug":"arbeitsscheinwerfer-led-5x3w-80x80x30mm-10-30v-budget","status":"publish","type":"product","link":"https:\/\/trailerpartsplaza.com\/de\/produkt\/arbeitsscheinwerfer-led-5x3w-80x80x30mm-10-30v-budget\/","title":{"rendered":"Arbeitsscheinwerfer LED 5x3W.80x80x30mm.10-&gt;30V. budget"},"content":{"rendered":"","protected":false},"excerpt":{"rendered":"<p>Mit dem Arbeitsscheinwerfer led 5x3w.80x80x30mm.10-&gt;30v. budget k\u00f6nnen Sie Ihren Anh\u00e4nger oder Trailer leicht aufwerten. Die Kombination aus Solidit\u00e4t und Funktionalit\u00e4t macht ihn zu einer zuverl\u00e4ssigen L\u00f6sung. Ein beliebtes Bauteil bei professionellen Anwendern. M\u00f6chten Sie weitere Informationen zu diesem Produkt? Dann nehmen Sie Kontakt mit uns auf!     <\/p>\n","protected":false},"featured_media":58318,"comment_status":"open","ping_status":"closed","template":"","meta":{"_joinchat":[]},"product_brand":[],"product_cat":[1065,995],"product_tag":[],"class_list":{"0":"post-59965","1":"product","2":"type-product","3":"status-publish","4":"has-post-thumbnail","6":"product_cat-arbeits-und-blinklichter","7":"product_cat-beleuchtung","10":"first","11":"instock","12":"taxable","13":"shipping-taxable","14":"purchasable","15":"product-type-simple"},"_links":{"self":[{"href":"https:\/\/trailerpartsplaza.com\/de\/wp-json\/wp\/v2\/product\/59965"}],"collection":[{"href":"https:\/\/trailerpartsplaza.com\/de\/wp-json\/wp\/v2\/product"}],"about":[{"href":"https:\/\/trailerpartsplaza.com\/de\/wp-json\/wp\/v2\/types\/product"}],"replies":[{"embeddable":true,"href":"https:\/\/trailerpartsplaza.com\/de\/wp-json\/wp\/v2\/comments?post=59965"}],"wp:featuredmedia":[{"embeddable":true,"href":"https:\/\/trailerpartsplaza.com\/de\/wp-json\/wp\/v2\/media\/58318"}],"wp:attachment":[{"href":"https:\/\/trailerpartsplaza.com\/de\/wp-json\/wp\/v2\/media?parent=59965"}],"wp:term":[{"taxonomy":"product_brand","embeddable":true,"href":"https:\/\/trailerpartsplaza.com\/de\/wp-json\/wp\/v2\/product_brand?post=59965"},{"taxonomy":"product_cat","embeddable":true,"href":"https:\/\/trailerpartsplaza.com\/de\/wp-json\/wp\/v2\/product_cat?post=59965"},{"taxonomy":"product_tag","embeddable":true,"href":"https:\/\/trailerpartsplaza.com\/de\/wp-json\/wp\/v2\/product_tag?post=59965"}],"curies":[{"name":"wp","href":"https:\/\/api.w.org\/{rel}","templated":true}]}}