{"id":59989,"date":"2025-04-01T13:27:35","date_gmt":"2025-04-01T13:27:35","guid":{"rendered":"https:\/\/trailerpartsplaza.com\/product\/arbeitsleuchte-power3000-185x160mm-12v-55w-ajba\/"},"modified":"2025-04-01T13:27:35","modified_gmt":"2025-04-01T13:27:35","slug":"arbeitsleuchte-power3000-185x160mm-12v-55w-ajba","status":"publish","type":"product","link":"https:\/\/trailerpartsplaza.com\/de\/produkt\/arbeitsleuchte-power3000-185x160mm-12v-55w-ajba\/","title":{"rendered":"Arbeitsleuchte Power3000 185x160mm.12V.55W.Ajba"},"content":{"rendered":"","protected":false},"excerpt":{"rendered":"<p>Der Arbeitsscheinwerfer power3000 185x160mm.12v.55w.ajba ist f\u00fcr zuverl\u00e4ssige Leistung und Langlebigkeit konzipiert. Seine intelligente Konstruktion und seine Abmessungen machen die Montage einfach. F\u00fcr alle, die Qualit\u00e4t und Komfort in einem Teil suchen. M\u00f6chten Sie weitere Informationen zu diesem Produkt? Dann nehmen Sie Kontakt mit uns auf!    <\/p>\n","protected":false},"featured_media":55605,"comment_status":"open","ping_status":"closed","template":"","meta":{"_joinchat":[]},"product_brand":[],"product_cat":[1065,995],"product_tag":[],"class_list":{"0":"post-59989","1":"product","2":"type-product","3":"status-publish","4":"has-post-thumbnail","6":"product_cat-arbeits-und-blinklichter","7":"product_cat-beleuchtung","10":"first","11":"instock","12":"taxable","13":"shipping-taxable","14":"purchasable","15":"product-type-simple"},"_links":{"self":[{"href":"https:\/\/trailerpartsplaza.com\/de\/wp-json\/wp\/v2\/product\/59989"}],"collection":[{"href":"https:\/\/trailerpartsplaza.com\/de\/wp-json\/wp\/v2\/product"}],"about":[{"href":"https:\/\/trailerpartsplaza.com\/de\/wp-json\/wp\/v2\/types\/product"}],"replies":[{"embeddable":true,"href":"https:\/\/trailerpartsplaza.com\/de\/wp-json\/wp\/v2\/comments?post=59989"}],"wp:featuredmedia":[{"embeddable":true,"href":"https:\/\/trailerpartsplaza.com\/de\/wp-json\/wp\/v2\/media\/55605"}],"wp:attachment":[{"href":"https:\/\/trailerpartsplaza.com\/de\/wp-json\/wp\/v2\/media?parent=59989"}],"wp:term":[{"taxonomy":"product_brand","embeddable":true,"href":"https:\/\/trailerpartsplaza.com\/de\/wp-json\/wp\/v2\/product_brand?post=59989"},{"taxonomy":"product_cat","embeddable":true,"href":"https:\/\/trailerpartsplaza.com\/de\/wp-json\/wp\/v2\/product_cat?post=59989"},{"taxonomy":"product_tag","embeddable":true,"href":"https:\/\/trailerpartsplaza.com\/de\/wp-json\/wp\/v2\/product_tag?post=59989"}],"curies":[{"name":"wp","href":"https:\/\/api.w.org\/{rel}","templated":true}]}}