{"id":60002,"date":"2025-04-01T13:27:13","date_gmt":"2025-04-01T13:27:13","guid":{"rendered":"https:\/\/trailerpartsplaza.com\/product\/signallampe-astral-gf35-pin-236x142mm-12v-ajba\/"},"modified":"2025-04-01T13:27:13","modified_gmt":"2025-04-01T13:27:13","slug":"signallampe-astral-gf35-pin-236x142mm-12v-ajba","status":"publish","type":"product","link":"https:\/\/trailerpartsplaza.com\/de\/produkt\/signallampe-astral-gf35-pin-236x142mm-12v-ajba\/","title":{"rendered":"Signallampe Astral GF35 pin 236x142mm.12V.Ajba"},"content":{"rendered":"","protected":false},"excerpt":{"rendered":"<p>Die Taschenlampe astral gf35 pin 236x142mm.12v.ajba ist f\u00fcr zuverl\u00e4ssige Leistung und Langlebigkeit konzipiert. Diese Version ist aus hochwertigem Material gefertigt und f\u00fcr den t\u00e4glichen Gebrauch geeignet. F\u00fcr alle, die Qualit\u00e4t und Komfort in einem Teil suchen. M\u00f6chten Sie weitere Informationen zu diesem Produkt? Dann nehmen Sie Kontakt mit uns auf!    <\/p>\n","protected":false},"featured_media":55575,"comment_status":"open","ping_status":"closed","template":"","meta":{"_joinchat":[]},"product_brand":[],"product_cat":[1065,995],"product_tag":[],"class_list":{"0":"post-60002","1":"product","2":"type-product","3":"status-publish","4":"has-post-thumbnail","6":"product_cat-arbeits-und-blinklichter","7":"product_cat-beleuchtung","10":"first","11":"instock","12":"taxable","13":"shipping-taxable","14":"purchasable","15":"product-type-simple"},"_links":{"self":[{"href":"https:\/\/trailerpartsplaza.com\/de\/wp-json\/wp\/v2\/product\/60002"}],"collection":[{"href":"https:\/\/trailerpartsplaza.com\/de\/wp-json\/wp\/v2\/product"}],"about":[{"href":"https:\/\/trailerpartsplaza.com\/de\/wp-json\/wp\/v2\/types\/product"}],"replies":[{"embeddable":true,"href":"https:\/\/trailerpartsplaza.com\/de\/wp-json\/wp\/v2\/comments?post=60002"}],"wp:featuredmedia":[{"embeddable":true,"href":"https:\/\/trailerpartsplaza.com\/de\/wp-json\/wp\/v2\/media\/55575"}],"wp:attachment":[{"href":"https:\/\/trailerpartsplaza.com\/de\/wp-json\/wp\/v2\/media?parent=60002"}],"wp:term":[{"taxonomy":"product_brand","embeddable":true,"href":"https:\/\/trailerpartsplaza.com\/de\/wp-json\/wp\/v2\/product_brand?post=60002"},{"taxonomy":"product_cat","embeddable":true,"href":"https:\/\/trailerpartsplaza.com\/de\/wp-json\/wp\/v2\/product_cat?post=60002"},{"taxonomy":"product_tag","embeddable":true,"href":"https:\/\/trailerpartsplaza.com\/de\/wp-json\/wp\/v2\/product_tag?post=60002"}],"curies":[{"name":"wp","href":"https:\/\/api.w.org\/{rel}","templated":true}]}}