{"id":60024,"date":"2025-04-01T13:26:50","date_gmt":"2025-04-01T13:26:50","guid":{"rendered":"https:\/\/trailerpartsplaza.com\/product\/beleuchtungsset-magnet-7p-kabel-7-5m-dreiecksreflektor\/"},"modified":"2025-04-01T13:26:50","modified_gmt":"2025-04-01T13:26:50","slug":"beleuchtungsset-magnet-7p-kabel-7-5m-dreiecksreflektor","status":"publish","type":"product","link":"https:\/\/trailerpartsplaza.com\/de\/produkt\/beleuchtungsset-magnet-7p-kabel-7-5m-dreiecksreflektor\/","title":{"rendered":"Beleuchtungsset Magnet 7p.Kabel 7.5m.Dreiecksreflektor"},"content":{"rendered":"","protected":false},"excerpt":{"rendered":"<p>Der Beleuchtungssatz Magnet 7p.cable 7.5m.triangle reflector bietet robuste Unterst\u00fctzung f\u00fcr eine Vielzahl von Anwendungen. Perfekt auf die g\u00e4ngigen Fahrzeugspezifikationen abgestimmt. Bitte kontaktieren Sie uns f\u00fcr weitere Informationen zu diesem Produkt. M\u00f6chten Sie weitere Informationen zu diesem Produkt? Dann nehmen Sie Kontakt mit uns auf!    <\/p>\n","protected":false},"featured_media":58294,"comment_status":"open","ping_status":"closed","template":"","meta":{"_joinchat":[]},"product_brand":[],"product_cat":[995,1067],"product_tag":[],"class_list":{"0":"post-60024","1":"product","2":"type-product","3":"status-publish","4":"has-post-thumbnail","6":"product_cat-beleuchtung","7":"product_cat-beleuchtungsanlage","10":"first","11":"outofstock","12":"taxable","13":"shipping-taxable","14":"purchasable","15":"product-type-simple"},"_links":{"self":[{"href":"https:\/\/trailerpartsplaza.com\/de\/wp-json\/wp\/v2\/product\/60024"}],"collection":[{"href":"https:\/\/trailerpartsplaza.com\/de\/wp-json\/wp\/v2\/product"}],"about":[{"href":"https:\/\/trailerpartsplaza.com\/de\/wp-json\/wp\/v2\/types\/product"}],"replies":[{"embeddable":true,"href":"https:\/\/trailerpartsplaza.com\/de\/wp-json\/wp\/v2\/comments?post=60024"}],"wp:featuredmedia":[{"embeddable":true,"href":"https:\/\/trailerpartsplaza.com\/de\/wp-json\/wp\/v2\/media\/58294"}],"wp:attachment":[{"href":"https:\/\/trailerpartsplaza.com\/de\/wp-json\/wp\/v2\/media?parent=60024"}],"wp:term":[{"taxonomy":"product_brand","embeddable":true,"href":"https:\/\/trailerpartsplaza.com\/de\/wp-json\/wp\/v2\/product_brand?post=60024"},{"taxonomy":"product_cat","embeddable":true,"href":"https:\/\/trailerpartsplaza.com\/de\/wp-json\/wp\/v2\/product_cat?post=60024"},{"taxonomy":"product_tag","embeddable":true,"href":"https:\/\/trailerpartsplaza.com\/de\/wp-json\/wp\/v2\/product_tag?post=60024"}],"curies":[{"name":"wp","href":"https:\/\/api.w.org\/{rel}","templated":true}]}}