{"id":60025,"date":"2025-04-01T13:26:50","date_gmt":"2025-04-01T13:26:50","guid":{"rendered":"https:\/\/trailerpartsplaza.com\/product\/magnet-mit-halter-fuer-beleuchtungsset\/"},"modified":"2025-04-01T13:26:50","modified_gmt":"2025-04-01T13:26:50","slug":"magnet-mit-halter-fuer-beleuchtungsset","status":"publish","type":"product","link":"https:\/\/trailerpartsplaza.com\/de\/produkt\/magnet-mit-halter-fuer-beleuchtungsset\/","title":{"rendered":"Magnet mit Halter f\u00fcr Beleuchtungsset"},"content":{"rendered":"","protected":false},"excerpt":{"rendered":"<p>R\u00fcsten Sie Ihr Fahrzeug mit dem Magnet mit Halterung f\u00fcr Beleuchtungskit f\u00fcr eine solide und stabile Basis auf. Perfekt auf die g\u00e4ngigen Fahrzeugspezifikationen abgestimmt. Ein beliebtes Teil bei Profis. M\u00f6chten Sie weitere Informationen zu diesem Produkt? Dann nehmen Sie Kontakt mit uns auf!    <\/p>\n","protected":false},"featured_media":57979,"comment_status":"open","ping_status":"closed","template":"","meta":{"_joinchat":[]},"product_brand":[],"product_cat":[995,1067],"product_tag":[],"class_list":{"0":"post-60025","1":"product","2":"type-product","3":"status-publish","4":"has-post-thumbnail","6":"product_cat-beleuchtung","7":"product_cat-beleuchtungsanlage","10":"first","11":"instock","12":"taxable","13":"shipping-taxable","14":"purchasable","15":"product-type-simple"},"_links":{"self":[{"href":"https:\/\/trailerpartsplaza.com\/de\/wp-json\/wp\/v2\/product\/60025"}],"collection":[{"href":"https:\/\/trailerpartsplaza.com\/de\/wp-json\/wp\/v2\/product"}],"about":[{"href":"https:\/\/trailerpartsplaza.com\/de\/wp-json\/wp\/v2\/types\/product"}],"replies":[{"embeddable":true,"href":"https:\/\/trailerpartsplaza.com\/de\/wp-json\/wp\/v2\/comments?post=60025"}],"wp:featuredmedia":[{"embeddable":true,"href":"https:\/\/trailerpartsplaza.com\/de\/wp-json\/wp\/v2\/media\/57979"}],"wp:attachment":[{"href":"https:\/\/trailerpartsplaza.com\/de\/wp-json\/wp\/v2\/media?parent=60025"}],"wp:term":[{"taxonomy":"product_brand","embeddable":true,"href":"https:\/\/trailerpartsplaza.com\/de\/wp-json\/wp\/v2\/product_brand?post=60025"},{"taxonomy":"product_cat","embeddable":true,"href":"https:\/\/trailerpartsplaza.com\/de\/wp-json\/wp\/v2\/product_cat?post=60025"},{"taxonomy":"product_tag","embeddable":true,"href":"https:\/\/trailerpartsplaza.com\/de\/wp-json\/wp\/v2\/product_tag?post=60025"}],"curies":[{"name":"wp","href":"https:\/\/api.w.org\/{rel}","templated":true}]}}