{"id":60034,"date":"2025-04-01T13:26:55","date_gmt":"2025-04-01T13:26:55","guid":{"rendered":"https:\/\/trailerpartsplaza.com\/product\/beleuchtungsset-twinny-load-fahrradtraeger\/"},"modified":"2025-04-01T13:26:55","modified_gmt":"2025-04-01T13:26:55","slug":"beleuchtungsset-twinny-load-fahrradtraeger","status":"publish","type":"product","link":"https:\/\/trailerpartsplaza.com\/de\/produkt\/beleuchtungsset-twinny-load-fahrradtraeger\/","title":{"rendered":"Beleuchtungsset Twinny Load Fahrradtr\u00e4ger"},"content":{"rendered":"","protected":false},"excerpt":{"rendered":"<p>Das Beleuchtungsset twinny load Fahrradtr\u00e4ger bietet robuste Unterst\u00fctzung f\u00fcr eine Vielzahl von Anwendungen. Dank seiner intelligenten Konstruktion und Abmessungen ist die Montage einfach. Eine h\u00e4ufig gew\u00e4hlte Komponente bei professionellen Anwendern. M\u00f6chten Sie weitere Informationen zu diesem Produkt? Dann nehmen Sie Kontakt mit uns auf!    <\/p>\n","protected":false},"featured_media":58300,"comment_status":"open","ping_status":"closed","template":"","meta":{"_joinchat":[]},"product_brand":[],"product_cat":[995,1067],"product_tag":[],"class_list":{"0":"post-60034","1":"product","2":"type-product","3":"status-publish","4":"has-post-thumbnail","6":"product_cat-beleuchtung","7":"product_cat-beleuchtungsanlage","10":"first","11":"instock","12":"taxable","13":"shipping-taxable","14":"purchasable","15":"product-type-simple"},"_links":{"self":[{"href":"https:\/\/trailerpartsplaza.com\/de\/wp-json\/wp\/v2\/product\/60034"}],"collection":[{"href":"https:\/\/trailerpartsplaza.com\/de\/wp-json\/wp\/v2\/product"}],"about":[{"href":"https:\/\/trailerpartsplaza.com\/de\/wp-json\/wp\/v2\/types\/product"}],"replies":[{"embeddable":true,"href":"https:\/\/trailerpartsplaza.com\/de\/wp-json\/wp\/v2\/comments?post=60034"}],"wp:featuredmedia":[{"embeddable":true,"href":"https:\/\/trailerpartsplaza.com\/de\/wp-json\/wp\/v2\/media\/58300"}],"wp:attachment":[{"href":"https:\/\/trailerpartsplaza.com\/de\/wp-json\/wp\/v2\/media?parent=60034"}],"wp:term":[{"taxonomy":"product_brand","embeddable":true,"href":"https:\/\/trailerpartsplaza.com\/de\/wp-json\/wp\/v2\/product_brand?post=60034"},{"taxonomy":"product_cat","embeddable":true,"href":"https:\/\/trailerpartsplaza.com\/de\/wp-json\/wp\/v2\/product_cat?post=60034"},{"taxonomy":"product_tag","embeddable":true,"href":"https:\/\/trailerpartsplaza.com\/de\/wp-json\/wp\/v2\/product_tag?post=60034"}],"curies":[{"name":"wp","href":"https:\/\/api.w.org\/{rel}","templated":true}]}}