{"id":60048,"date":"2025-04-01T13:26:58","date_gmt":"2025-04-01T13:26:58","guid":{"rendered":"https:\/\/trailerpartsplaza.com\/product\/frontleuchte-rot-weiss-60x65mm-12v-radex-901\/"},"modified":"2025-04-01T13:26:58","modified_gmt":"2025-04-01T13:26:58","slug":"frontleuchte-rot-weiss-60x65mm-12v-radex-901","status":"publish","type":"product","link":"https:\/\/trailerpartsplaza.com\/de\/produkt\/frontleuchte-rot-weiss-60x65mm-12v-radex-901\/","title":{"rendered":"Frontleuchte rot\/wei\u00df 60x65mm.12V.Radex 901"},"content":{"rendered":"","protected":false},"excerpt":{"rendered":"<p>Die Breitenleuchte rot\/wei\u00df 60x65mm.12v.radex 901 bietet robuste Unterst\u00fctzung f\u00fcr eine Vielzahl von Anwendungen. Dank seiner intelligenten Konstruktion und Abmessungen ist die Montage einfach. Bitte kontaktieren Sie uns f\u00fcr weitere Informationen zu diesem Produkt. M\u00f6chten Sie weitere Informationen zu diesem Produkt? Dann nehmen Sie Kontakt mit uns auf!    <\/p>\n","protected":false},"featured_media":55536,"comment_status":"open","ping_status":"closed","template":"","meta":{"_joinchat":[]},"product_brand":[],"product_cat":[995,1048],"product_tag":[],"class_list":{"0":"post-60048","1":"product","2":"type-product","3":"status-publish","4":"has-post-thumbnail","6":"product_cat-beleuchtung","7":"product_cat-vordere-lampen","10":"first","11":"instock","12":"taxable","13":"shipping-taxable","14":"purchasable","15":"product-type-simple"},"_links":{"self":[{"href":"https:\/\/trailerpartsplaza.com\/de\/wp-json\/wp\/v2\/product\/60048"}],"collection":[{"href":"https:\/\/trailerpartsplaza.com\/de\/wp-json\/wp\/v2\/product"}],"about":[{"href":"https:\/\/trailerpartsplaza.com\/de\/wp-json\/wp\/v2\/types\/product"}],"replies":[{"embeddable":true,"href":"https:\/\/trailerpartsplaza.com\/de\/wp-json\/wp\/v2\/comments?post=60048"}],"wp:featuredmedia":[{"embeddable":true,"href":"https:\/\/trailerpartsplaza.com\/de\/wp-json\/wp\/v2\/media\/55536"}],"wp:attachment":[{"href":"https:\/\/trailerpartsplaza.com\/de\/wp-json\/wp\/v2\/media?parent=60048"}],"wp:term":[{"taxonomy":"product_brand","embeddable":true,"href":"https:\/\/trailerpartsplaza.com\/de\/wp-json\/wp\/v2\/product_brand?post=60048"},{"taxonomy":"product_cat","embeddable":true,"href":"https:\/\/trailerpartsplaza.com\/de\/wp-json\/wp\/v2\/product_cat?post=60048"},{"taxonomy":"product_tag","embeddable":true,"href":"https:\/\/trailerpartsplaza.com\/de\/wp-json\/wp\/v2\/product_tag?post=60048"}],"curies":[{"name":"wp","href":"https:\/\/api.w.org\/{rel}","templated":true}]}}