{"id":60059,"date":"2025-04-01T13:27:03","date_gmt":"2025-04-01T13:27:03","guid":{"rendered":"https:\/\/trailerpartsplaza.com\/product\/markierungsleuchte-weiss-60x65mm-12v-radex-911\/"},"modified":"2025-04-01T13:27:03","modified_gmt":"2025-04-01T13:27:03","slug":"markierungsleuchte-weiss-60x65mm-12v-radex-911","status":"publish","type":"product","link":"https:\/\/trailerpartsplaza.com\/de\/produkt\/markierungsleuchte-weiss-60x65mm-12v-radex-911\/","title":{"rendered":"Markierungsleuchte wei\u00df 60x65mm.12V.Radex 911"},"content":{"rendered":"","protected":false},"excerpt":{"rendered":"<p>Die Markierungsleuchte wei\u00df 60x65mm.12v.radex 911 bietet robuste Unterst\u00fctzung f\u00fcr eine Vielzahl von Anwendungen. Dank ihrer intelligenten Konstruktion und Abmessungen ist die Montage einfach. Ideal f\u00fcr Anh\u00e4nger, Wohnwagen und andere Transportmittel. M\u00f6chten Sie weitere Informationen zu diesem Produkt? Dann nehmen Sie Kontakt mit uns auf!    <\/p>\n","protected":false},"featured_media":55542,"comment_status":"open","ping_status":"closed","template":"","meta":{"_joinchat":[]},"product_brand":[],"product_cat":[995,1048],"product_tag":[],"class_list":{"0":"post-60059","1":"product","2":"type-product","3":"status-publish","4":"has-post-thumbnail","6":"product_cat-beleuchtung","7":"product_cat-vordere-lampen","10":"first","11":"outofstock","12":"taxable","13":"shipping-taxable","14":"purchasable","15":"product-type-simple"},"_links":{"self":[{"href":"https:\/\/trailerpartsplaza.com\/de\/wp-json\/wp\/v2\/product\/60059"}],"collection":[{"href":"https:\/\/trailerpartsplaza.com\/de\/wp-json\/wp\/v2\/product"}],"about":[{"href":"https:\/\/trailerpartsplaza.com\/de\/wp-json\/wp\/v2\/types\/product"}],"replies":[{"embeddable":true,"href":"https:\/\/trailerpartsplaza.com\/de\/wp-json\/wp\/v2\/comments?post=60059"}],"wp:featuredmedia":[{"embeddable":true,"href":"https:\/\/trailerpartsplaza.com\/de\/wp-json\/wp\/v2\/media\/55542"}],"wp:attachment":[{"href":"https:\/\/trailerpartsplaza.com\/de\/wp-json\/wp\/v2\/media?parent=60059"}],"wp:term":[{"taxonomy":"product_brand","embeddable":true,"href":"https:\/\/trailerpartsplaza.com\/de\/wp-json\/wp\/v2\/product_brand?post=60059"},{"taxonomy":"product_cat","embeddable":true,"href":"https:\/\/trailerpartsplaza.com\/de\/wp-json\/wp\/v2\/product_cat?post=60059"},{"taxonomy":"product_tag","embeddable":true,"href":"https:\/\/trailerpartsplaza.com\/de\/wp-json\/wp\/v2\/product_tag?post=60059"}],"curies":[{"name":"wp","href":"https:\/\/api.w.org\/{rel}","templated":true}]}}