{"id":60095,"date":"2025-04-01T13:26:24","date_gmt":"2025-04-01T13:26:24","guid":{"rendered":"https:\/\/trailerpartsplaza.com\/product\/ruecklicht-215x100mm-r-baj-aansl-radex-5500-13\/"},"modified":"2025-04-01T13:26:24","modified_gmt":"2025-04-01T13:26:24","slug":"ruecklicht-215x100mm-r-baj-aansl-radex-5500-13","status":"publish","type":"product","link":"https:\/\/trailerpartsplaza.com\/de\/produkt\/ruecklicht-215x100mm-r-baj-aansl-radex-5500-13\/","title":{"rendered":"R\u00fccklicht 215x100mm.(R) Baj.aansl. Radex 5500\/13"},"content":{"rendered":"","protected":false},"excerpt":{"rendered":"<p>Das R\u00fccklicht 215x100mm.(r) bay.aansl. radex 5500\/13 ist auf zuverl\u00e4ssige Leistung und Langlebigkeit ausgelegt. Perfekt auf die g\u00e4ngigen Fahrzeugspezifikationen abgestimmt. Bitte kontaktieren Sie uns f\u00fcr weitere Informationen zu diesem Produkt. M\u00f6chten Sie weitere Informationen zu diesem Produkt? Dann nehmen Sie Kontakt mit uns auf!<\/p>\n","protected":false},"featured_media":57637,"comment_status":"open","ping_status":"closed","template":"","meta":{"_joinchat":[]},"product_brand":[],"product_cat":[995,1059,1037],"product_tag":[],"class_list":{"0":"post-60095","1":"product","2":"type-product","3":"status-publish","4":"has-post-thumbnail","6":"product_cat-beleuchtung","7":"product_cat-radex-ruckleuchten","8":"product_cat-ruckleuchten","11":"first","12":"instock","13":"taxable","14":"shipping-taxable","15":"purchasable","16":"product-type-simple"},"_links":{"self":[{"href":"https:\/\/trailerpartsplaza.com\/de\/wp-json\/wp\/v2\/product\/60095"}],"collection":[{"href":"https:\/\/trailerpartsplaza.com\/de\/wp-json\/wp\/v2\/product"}],"about":[{"href":"https:\/\/trailerpartsplaza.com\/de\/wp-json\/wp\/v2\/types\/product"}],"replies":[{"embeddable":true,"href":"https:\/\/trailerpartsplaza.com\/de\/wp-json\/wp\/v2\/comments?post=60095"}],"wp:featuredmedia":[{"embeddable":true,"href":"https:\/\/trailerpartsplaza.com\/de\/wp-json\/wp\/v2\/media\/57637"}],"wp:attachment":[{"href":"https:\/\/trailerpartsplaza.com\/de\/wp-json\/wp\/v2\/media?parent=60095"}],"wp:term":[{"taxonomy":"product_brand","embeddable":true,"href":"https:\/\/trailerpartsplaza.com\/de\/wp-json\/wp\/v2\/product_brand?post=60095"},{"taxonomy":"product_cat","embeddable":true,"href":"https:\/\/trailerpartsplaza.com\/de\/wp-json\/wp\/v2\/product_cat?post=60095"},{"taxonomy":"product_tag","embeddable":true,"href":"https:\/\/trailerpartsplaza.com\/de\/wp-json\/wp\/v2\/product_tag?post=60095"}],"curies":[{"name":"wp","href":"https:\/\/api.w.org\/{rel}","templated":true}]}}