{"id":60098,"date":"2025-04-01T13:26:25","date_gmt":"2025-04-01T13:26:25","guid":{"rendered":"https:\/\/trailerpartsplaza.com\/product\/glasruecklicht-r-radex-5500-13-s\/"},"modified":"2025-04-01T13:26:25","modified_gmt":"2025-04-01T13:26:25","slug":"glasruecklicht-r-radex-5500-13-s","status":"publish","type":"product","link":"https:\/\/trailerpartsplaza.com\/de\/produkt\/glasruecklicht-r-radex-5500-13-s\/","title":{"rendered":"Glasr\u00fccklicht (R) Radex 5500\/13\/S"},"content":{"rendered":"","protected":false},"excerpt":{"rendered":"<p>Die Glasr\u00fcckleuchte(n) radex 5500\/13\/s bietet robuste Unterst\u00fctzung f\u00fcr eine Vielzahl von Anwendungen. Perfekt auf die g\u00e4ngigen Fahrzeugspezifikationen abgestimmt. Ideal f\u00fcr Anh\u00e4nger, Wohnwagen und andere Transportmittel. M\u00f6chten Sie weitere Informationen zu diesem Produkt? Dann nehmen Sie Kontakt mit uns auf!    <\/p>\n","protected":false},"featured_media":57859,"comment_status":"open","ping_status":"closed","template":"","meta":{"_joinchat":[]},"product_brand":[],"product_cat":[995,1046],"product_tag":[],"class_list":{"0":"post-60098","1":"product","2":"type-product","3":"status-publish","4":"has-post-thumbnail","6":"product_cat-beleuchtung","7":"product_cat-rucklicht-loses-glas","10":"first","11":"instock","12":"taxable","13":"shipping-taxable","14":"purchasable","15":"product-type-simple"},"_links":{"self":[{"href":"https:\/\/trailerpartsplaza.com\/de\/wp-json\/wp\/v2\/product\/60098"}],"collection":[{"href":"https:\/\/trailerpartsplaza.com\/de\/wp-json\/wp\/v2\/product"}],"about":[{"href":"https:\/\/trailerpartsplaza.com\/de\/wp-json\/wp\/v2\/types\/product"}],"replies":[{"embeddable":true,"href":"https:\/\/trailerpartsplaza.com\/de\/wp-json\/wp\/v2\/comments?post=60098"}],"wp:featuredmedia":[{"embeddable":true,"href":"https:\/\/trailerpartsplaza.com\/de\/wp-json\/wp\/v2\/media\/57859"}],"wp:attachment":[{"href":"https:\/\/trailerpartsplaza.com\/de\/wp-json\/wp\/v2\/media?parent=60098"}],"wp:term":[{"taxonomy":"product_brand","embeddable":true,"href":"https:\/\/trailerpartsplaza.com\/de\/wp-json\/wp\/v2\/product_brand?post=60098"},{"taxonomy":"product_cat","embeddable":true,"href":"https:\/\/trailerpartsplaza.com\/de\/wp-json\/wp\/v2\/product_cat?post=60098"},{"taxonomy":"product_tag","embeddable":true,"href":"https:\/\/trailerpartsplaza.com\/de\/wp-json\/wp\/v2\/product_tag?post=60098"}],"curies":[{"name":"wp","href":"https:\/\/api.w.org\/{rel}","templated":true}]}}