{"id":60102,"date":"2025-04-01T13:26:28","date_gmt":"2025-04-01T13:26:28","guid":{"rendered":"https:\/\/trailerpartsplaza.com\/product\/glasruecklicht-l-radex-5901-10-s\/"},"modified":"2025-04-01T13:26:28","modified_gmt":"2025-04-01T13:26:28","slug":"glasruecklicht-l-radex-5901-10-s","status":"publish","type":"product","link":"https:\/\/trailerpartsplaza.com\/de\/produkt\/glasruecklicht-l-radex-5901-10-s\/","title":{"rendered":"Glasr\u00fccklicht (L) Radex 5901\/10\/S"},"content":{"rendered":"","protected":false},"excerpt":{"rendered":"<p>Die Glasr\u00fcckleuchte (l) radex 5901\/10\/s bietet robuste Unterst\u00fctzung f\u00fcr eine Vielzahl von Anwendungen. Diese Version ist aus hochwertigem Material gefertigt und f\u00fcr den t\u00e4glichen Gebrauch geeignet. F\u00fcr alle, die Qualit\u00e4t und Komfort in einem Teil suchen. M\u00f6chten Sie weitere Informationen zu diesem Produkt? Dann nehmen Sie Kontakt mit uns auf!    <\/p>\n","protected":false},"featured_media":57838,"comment_status":"open","ping_status":"closed","template":"","meta":{"_joinchat":[]},"product_brand":[],"product_cat":[995,1046],"product_tag":[],"class_list":{"0":"post-60102","1":"product","2":"type-product","3":"status-publish","4":"has-post-thumbnail","6":"product_cat-beleuchtung","7":"product_cat-rucklicht-loses-glas","10":"first","11":"outofstock","12":"taxable","13":"shipping-taxable","14":"purchasable","15":"product-type-simple"},"_links":{"self":[{"href":"https:\/\/trailerpartsplaza.com\/de\/wp-json\/wp\/v2\/product\/60102"}],"collection":[{"href":"https:\/\/trailerpartsplaza.com\/de\/wp-json\/wp\/v2\/product"}],"about":[{"href":"https:\/\/trailerpartsplaza.com\/de\/wp-json\/wp\/v2\/types\/product"}],"replies":[{"embeddable":true,"href":"https:\/\/trailerpartsplaza.com\/de\/wp-json\/wp\/v2\/comments?post=60102"}],"wp:featuredmedia":[{"embeddable":true,"href":"https:\/\/trailerpartsplaza.com\/de\/wp-json\/wp\/v2\/media\/57838"}],"wp:attachment":[{"href":"https:\/\/trailerpartsplaza.com\/de\/wp-json\/wp\/v2\/media?parent=60102"}],"wp:term":[{"taxonomy":"product_brand","embeddable":true,"href":"https:\/\/trailerpartsplaza.com\/de\/wp-json\/wp\/v2\/product_brand?post=60102"},{"taxonomy":"product_cat","embeddable":true,"href":"https:\/\/trailerpartsplaza.com\/de\/wp-json\/wp\/v2\/product_cat?post=60102"},{"taxonomy":"product_tag","embeddable":true,"href":"https:\/\/trailerpartsplaza.com\/de\/wp-json\/wp\/v2\/product_tag?post=60102"}],"curies":[{"name":"wp","href":"https:\/\/api.w.org\/{rel}","templated":true}]}}