{"id":60106,"date":"2025-04-01T13:26:29","date_gmt":"2025-04-01T13:26:29","guid":{"rendered":"https:\/\/trailerpartsplaza.com\/product\/glasruecklicht-r-radex-5901-13-s\/"},"modified":"2025-04-01T13:26:29","modified_gmt":"2025-04-01T13:26:29","slug":"glasruecklicht-r-radex-5901-13-s","status":"publish","type":"product","link":"https:\/\/trailerpartsplaza.com\/de\/produkt\/glasruecklicht-r-radex-5901-13-s\/","title":{"rendered":"Glasr\u00fccklicht (R) Radex 5901\/13\/S"},"content":{"rendered":"","protected":false},"excerpt":{"rendered":"<p>Die Glasr\u00fcckleuchte(n) radex 5901\/13\/s ist f\u00fcr zuverl\u00e4ssige Leistung und Langlebigkeit ausgelegt. Sowohl f\u00fcr leichte als auch f\u00fcr schwerere Anwendungen geeignet. Eine h\u00e4ufig gew\u00e4hlte Komponente bei professionellen Anwendern. M\u00f6chten Sie weitere Informationen zu diesem Produkt? Dann nehmen Sie Kontakt mit uns auf!    <\/p>\n","protected":false},"featured_media":57868,"comment_status":"open","ping_status":"closed","template":"","meta":{"_joinchat":[]},"product_brand":[],"product_cat":[995,1046],"product_tag":[],"class_list":{"0":"post-60106","1":"product","2":"type-product","3":"status-publish","4":"has-post-thumbnail","6":"product_cat-beleuchtung","7":"product_cat-rucklicht-loses-glas","10":"first","11":"instock","12":"taxable","13":"shipping-taxable","14":"purchasable","15":"product-type-simple"},"_links":{"self":[{"href":"https:\/\/trailerpartsplaza.com\/de\/wp-json\/wp\/v2\/product\/60106"}],"collection":[{"href":"https:\/\/trailerpartsplaza.com\/de\/wp-json\/wp\/v2\/product"}],"about":[{"href":"https:\/\/trailerpartsplaza.com\/de\/wp-json\/wp\/v2\/types\/product"}],"replies":[{"embeddable":true,"href":"https:\/\/trailerpartsplaza.com\/de\/wp-json\/wp\/v2\/comments?post=60106"}],"wp:featuredmedia":[{"embeddable":true,"href":"https:\/\/trailerpartsplaza.com\/de\/wp-json\/wp\/v2\/media\/57868"}],"wp:attachment":[{"href":"https:\/\/trailerpartsplaza.com\/de\/wp-json\/wp\/v2\/media?parent=60106"}],"wp:term":[{"taxonomy":"product_brand","embeddable":true,"href":"https:\/\/trailerpartsplaza.com\/de\/wp-json\/wp\/v2\/product_brand?post=60106"},{"taxonomy":"product_cat","embeddable":true,"href":"https:\/\/trailerpartsplaza.com\/de\/wp-json\/wp\/v2\/product_cat?post=60106"},{"taxonomy":"product_tag","embeddable":true,"href":"https:\/\/trailerpartsplaza.com\/de\/wp-json\/wp\/v2\/product_tag?post=60106"}],"curies":[{"name":"wp","href":"https:\/\/api.w.org\/{rel}","templated":true}]}}