{"id":60164,"date":"2025-04-01T13:26:04","date_gmt":"2025-04-01T13:26:04","guid":{"rendered":"https:\/\/trailerpartsplaza.com\/product\/ruecklicht-240x145mm-r-6f-12v-radex-2800-13\/"},"modified":"2025-04-01T13:26:04","modified_gmt":"2025-04-01T13:26:04","slug":"ruecklicht-240x145mm-r-6f-12v-radex-2800-13","status":"publish","type":"product","link":"https:\/\/trailerpartsplaza.com\/de\/produkt\/ruecklicht-240x145mm-r-6f-12v-radex-2800-13\/","title":{"rendered":"R\u00fccklicht 240x145mm.(R) 6f.12V.Radex 2800\/13"},"content":{"rendered":"","protected":false},"excerpt":{"rendered":"<p>Das R\u00fccklicht 240x145mm.(r) 6f.12v.radex 2800\/13 ist f\u00fcr zuverl\u00e4ssige Leistung und Langlebigkeit konzipiert. Seine intelligente Konstruktion und seine Abmessungen machen die Montage einfach. F\u00fcr alle, die Qualit\u00e4t und Komfort in einem Teil suchen. M\u00f6chten Sie weitere Informationen zu diesem Produkt? Dann nehmen Sie Kontakt mit uns auf!<\/p>\n","protected":false},"featured_media":55446,"comment_status":"open","ping_status":"closed","template":"","meta":{"_joinchat":[]},"product_brand":[],"product_cat":[995,1059,1037],"product_tag":[],"class_list":{"0":"post-60164","1":"product","2":"type-product","3":"status-publish","4":"has-post-thumbnail","6":"product_cat-beleuchtung","7":"product_cat-radex-ruckleuchten","8":"product_cat-ruckleuchten","11":"first","12":"instock","13":"taxable","14":"shipping-taxable","15":"purchasable","16":"product-type-simple"},"_links":{"self":[{"href":"https:\/\/trailerpartsplaza.com\/de\/wp-json\/wp\/v2\/product\/60164"}],"collection":[{"href":"https:\/\/trailerpartsplaza.com\/de\/wp-json\/wp\/v2\/product"}],"about":[{"href":"https:\/\/trailerpartsplaza.com\/de\/wp-json\/wp\/v2\/types\/product"}],"replies":[{"embeddable":true,"href":"https:\/\/trailerpartsplaza.com\/de\/wp-json\/wp\/v2\/comments?post=60164"}],"wp:featuredmedia":[{"embeddable":true,"href":"https:\/\/trailerpartsplaza.com\/de\/wp-json\/wp\/v2\/media\/55446"}],"wp:attachment":[{"href":"https:\/\/trailerpartsplaza.com\/de\/wp-json\/wp\/v2\/media?parent=60164"}],"wp:term":[{"taxonomy":"product_brand","embeddable":true,"href":"https:\/\/trailerpartsplaza.com\/de\/wp-json\/wp\/v2\/product_brand?post=60164"},{"taxonomy":"product_cat","embeddable":true,"href":"https:\/\/trailerpartsplaza.com\/de\/wp-json\/wp\/v2\/product_cat?post=60164"},{"taxonomy":"product_tag","embeddable":true,"href":"https:\/\/trailerpartsplaza.com\/de\/wp-json\/wp\/v2\/product_tag?post=60164"}],"curies":[{"name":"wp","href":"https:\/\/api.w.org\/{rel}","templated":true}]}}