{"id":60179,"date":"2025-04-01T13:26:12","date_gmt":"2025-04-01T13:26:12","guid":{"rendered":"https:\/\/trailerpartsplaza.com\/product\/glasruecklicht-r-radex-2900-13-s\/"},"modified":"2025-04-01T13:26:12","modified_gmt":"2025-04-01T13:26:12","slug":"glasruecklicht-r-radex-2900-13-s","status":"publish","type":"product","link":"https:\/\/trailerpartsplaza.com\/de\/produkt\/glasruecklicht-r-radex-2900-13-s\/","title":{"rendered":"Glasr\u00fccklicht (R) Radex 2900\/13\/S"},"content":{"rendered":"","protected":false},"excerpt":{"rendered":"<p>R\u00fcsten Sie Ihr Fahrzeug mit der Glasr\u00fcckleuchte(n) radex 2900\/13\/s f\u00fcr eine robuste und stabile Basis auf. Die Kombination aus Robustheit und Funktionalit\u00e4t macht dies zu einer zuverl\u00e4ssigen L\u00f6sung. F\u00fcr alle, die Qualit\u00e4t und Komfort in einer Komponente suchen. M\u00f6chten Sie weitere Informationen zu diesem Produkt? Dann nehmen Sie Kontakt mit uns auf!    <\/p>\n","protected":false},"featured_media":57850,"comment_status":"open","ping_status":"closed","template":"","meta":{"_joinchat":[]},"product_brand":[],"product_cat":[995,1046],"product_tag":[],"class_list":{"0":"post-60179","1":"product","2":"type-product","3":"status-publish","4":"has-post-thumbnail","6":"product_cat-beleuchtung","7":"product_cat-rucklicht-loses-glas","10":"first","11":"outofstock","12":"taxable","13":"shipping-taxable","14":"purchasable","15":"product-type-simple"},"_links":{"self":[{"href":"https:\/\/trailerpartsplaza.com\/de\/wp-json\/wp\/v2\/product\/60179"}],"collection":[{"href":"https:\/\/trailerpartsplaza.com\/de\/wp-json\/wp\/v2\/product"}],"about":[{"href":"https:\/\/trailerpartsplaza.com\/de\/wp-json\/wp\/v2\/types\/product"}],"replies":[{"embeddable":true,"href":"https:\/\/trailerpartsplaza.com\/de\/wp-json\/wp\/v2\/comments?post=60179"}],"wp:featuredmedia":[{"embeddable":true,"href":"https:\/\/trailerpartsplaza.com\/de\/wp-json\/wp\/v2\/media\/57850"}],"wp:attachment":[{"href":"https:\/\/trailerpartsplaza.com\/de\/wp-json\/wp\/v2\/media?parent=60179"}],"wp:term":[{"taxonomy":"product_brand","embeddable":true,"href":"https:\/\/trailerpartsplaza.com\/de\/wp-json\/wp\/v2\/product_brand?post=60179"},{"taxonomy":"product_cat","embeddable":true,"href":"https:\/\/trailerpartsplaza.com\/de\/wp-json\/wp\/v2\/product_cat?post=60179"},{"taxonomy":"product_tag","embeddable":true,"href":"https:\/\/trailerpartsplaza.com\/de\/wp-json\/wp\/v2\/product_tag?post=60179"}],"curies":[{"name":"wp","href":"https:\/\/api.w.org\/{rel}","templated":true}]}}