{"id":60189,"date":"2025-04-01T13:25:11","date_gmt":"2025-04-01T13:25:11","guid":{"rendered":"https:\/\/trailerpartsplaza.com\/product\/ruecklicht-100x105mm-3-4f-radex-3001\/"},"modified":"2025-04-01T13:25:11","modified_gmt":"2025-04-01T13:25:11","slug":"ruecklicht-100x105mm-3-4f-radex-3001","status":"publish","type":"product","link":"https:\/\/trailerpartsplaza.com\/de\/produkt\/ruecklicht-100x105mm-3-4f-radex-3001\/","title":{"rendered":"R\u00fccklicht 100x105mm.3\/4f.Radex 3001"},"content":{"rendered":"","protected":false},"excerpt":{"rendered":"<p>Das R\u00fccklicht 100x105mm.3\/4f.radex 3001 bietet robuste Unterst\u00fctzung f\u00fcr eine Vielzahl von Anwendungen. Perfekt auf die g\u00e4ngigen Fahrzeugspezifikationen abgestimmt. Entwickelt f\u00fcr eine lange Lebensdauer und einfache Anwendung. M\u00f6chten Sie weitere Informationen zu diesem Produkt? Dann nehmen Sie Kontakt mit uns auf!    <\/p>\n","protected":false},"featured_media":55425,"comment_status":"open","ping_status":"closed","template":"","meta":{"_joinchat":[]},"product_brand":[],"product_cat":[995,1059,1037],"product_tag":[],"class_list":{"0":"post-60189","1":"product","2":"type-product","3":"status-publish","4":"has-post-thumbnail","6":"product_cat-beleuchtung","7":"product_cat-radex-ruckleuchten","8":"product_cat-ruckleuchten","11":"first","12":"instock","13":"taxable","14":"shipping-taxable","15":"purchasable","16":"product-type-simple"},"_links":{"self":[{"href":"https:\/\/trailerpartsplaza.com\/de\/wp-json\/wp\/v2\/product\/60189"}],"collection":[{"href":"https:\/\/trailerpartsplaza.com\/de\/wp-json\/wp\/v2\/product"}],"about":[{"href":"https:\/\/trailerpartsplaza.com\/de\/wp-json\/wp\/v2\/types\/product"}],"replies":[{"embeddable":true,"href":"https:\/\/trailerpartsplaza.com\/de\/wp-json\/wp\/v2\/comments?post=60189"}],"wp:featuredmedia":[{"embeddable":true,"href":"https:\/\/trailerpartsplaza.com\/de\/wp-json\/wp\/v2\/media\/55425"}],"wp:attachment":[{"href":"https:\/\/trailerpartsplaza.com\/de\/wp-json\/wp\/v2\/media?parent=60189"}],"wp:term":[{"taxonomy":"product_brand","embeddable":true,"href":"https:\/\/trailerpartsplaza.com\/de\/wp-json\/wp\/v2\/product_brand?post=60189"},{"taxonomy":"product_cat","embeddable":true,"href":"https:\/\/trailerpartsplaza.com\/de\/wp-json\/wp\/v2\/product_cat?post=60189"},{"taxonomy":"product_tag","embeddable":true,"href":"https:\/\/trailerpartsplaza.com\/de\/wp-json\/wp\/v2\/product_tag?post=60189"}],"curies":[{"name":"wp","href":"https:\/\/api.w.org\/{rel}","templated":true}]}}