{"id":60244,"date":"2025-04-01T13:24:48","date_gmt":"2025-04-01T13:24:48","guid":{"rendered":"https:\/\/trailerpartsplaza.com\/product\/kabelsatz-4m-7p-stecker-2x5-p-stecker\/"},"modified":"2025-04-01T13:24:48","modified_gmt":"2025-04-01T13:24:48","slug":"kabelsatz-4m-7p-stecker-2x5-p-stecker","status":"publish","type":"product","link":"https:\/\/trailerpartsplaza.com\/de\/produkt\/kabelsatz-4m-7p-stecker-2x5-p-stecker\/","title":{"rendered":"Kabelsatz 4m. 7p. Stecker + 2&#215;5 p. Stecker"},"content":{"rendered":"","protected":false},"excerpt":{"rendered":"<p>F\u00fcr eine intensive Nutzung ist das Kabelset 4m. 7p. Stecker + 2x5p. Stecker eine ausgezeichnete Wahl. Diese Version ist aus hochwertigem Material gefertigt und f\u00fcr den t\u00e4glichen Gebrauch geeignet. Ideal f\u00fcr Anh\u00e4nger, Wohnwagen und andere Transportmittel. M\u00f6chten Sie weitere Informationen zu diesem Produkt? Dann nehmen Sie Kontakt mit uns auf!      <\/p>\n","protected":false},"featured_media":55413,"comment_status":"open","ping_status":"closed","template":"","meta":{"_joinchat":[]},"product_brand":[],"product_cat":[891,892],"product_tag":[],"class_list":{"0":"post-60244","1":"product","2":"type-product","3":"status-publish","4":"has-post-thumbnail","6":"product_cat-elektrizitat","7":"product_cat-stromkabel-sets","10":"first","11":"instock","12":"taxable","13":"shipping-taxable","14":"purchasable","15":"product-type-simple"},"_links":{"self":[{"href":"https:\/\/trailerpartsplaza.com\/de\/wp-json\/wp\/v2\/product\/60244"}],"collection":[{"href":"https:\/\/trailerpartsplaza.com\/de\/wp-json\/wp\/v2\/product"}],"about":[{"href":"https:\/\/trailerpartsplaza.com\/de\/wp-json\/wp\/v2\/types\/product"}],"replies":[{"embeddable":true,"href":"https:\/\/trailerpartsplaza.com\/de\/wp-json\/wp\/v2\/comments?post=60244"}],"wp:featuredmedia":[{"embeddable":true,"href":"https:\/\/trailerpartsplaza.com\/de\/wp-json\/wp\/v2\/media\/55413"}],"wp:attachment":[{"href":"https:\/\/trailerpartsplaza.com\/de\/wp-json\/wp\/v2\/media?parent=60244"}],"wp:term":[{"taxonomy":"product_brand","embeddable":true,"href":"https:\/\/trailerpartsplaza.com\/de\/wp-json\/wp\/v2\/product_brand?post=60244"},{"taxonomy":"product_cat","embeddable":true,"href":"https:\/\/trailerpartsplaza.com\/de\/wp-json\/wp\/v2\/product_cat?post=60244"},{"taxonomy":"product_tag","embeddable":true,"href":"https:\/\/trailerpartsplaza.com\/de\/wp-json\/wp\/v2\/product_tag?post=60244"}],"curies":[{"name":"wp","href":"https:\/\/api.w.org\/{rel}","templated":true}]}}