{"id":60247,"date":"2025-04-01T13:24:48","date_gmt":"2025-04-01T13:24:48","guid":{"rendered":"https:\/\/trailerpartsplaza.com\/product\/kabelsatz-8m-6p-stecker-13p-stecker-fuer-radex-4911-7600-6900\/"},"modified":"2025-04-01T13:24:48","modified_gmt":"2025-04-01T13:24:48","slug":"kabelsatz-8m-6p-stecker-13p-stecker-fuer-radex-4911-7600-6900","status":"publish","type":"product","link":"https:\/\/trailerpartsplaza.com\/de\/produkt\/kabelsatz-8m-6p-stecker-13p-stecker-fuer-radex-4911-7600-6900\/","title":{"rendered":"Kabelsatz 8m 6p Stecker, 13p Stecker f\u00fcr Radex 4911\/7600\/6900"},"content":{"rendered":"","protected":false},"excerpt":{"rendered":"<p>Der Kabelsatz 8m 6p. Stecker, 13p Stecker f\u00fcr radex 4911\/7600\/6900 ist f\u00fcr zuverl\u00e4ssige Leistung und Langlebigkeit ausgelegt. Sowohl f\u00fcr leichte als auch f\u00fcr schwerere Anwendungen geeignet. Entwickelt f\u00fcr lange Lebensdauer und Benutzerfreundlichkeit. M\u00f6chten Sie weitere Informationen zu diesem Produkt? Dann nehmen Sie Kontakt mit uns auf!     <\/p>\n","protected":false},"featured_media":55410,"comment_status":"open","ping_status":"closed","template":"","meta":{"_joinchat":[]},"product_brand":[],"product_cat":[891,892],"product_tag":[],"class_list":{"0":"post-60247","1":"product","2":"type-product","3":"status-publish","4":"has-post-thumbnail","6":"product_cat-elektrizitat","7":"product_cat-stromkabel-sets","10":"first","11":"instock","12":"taxable","13":"shipping-taxable","14":"purchasable","15":"product-type-simple"},"_links":{"self":[{"href":"https:\/\/trailerpartsplaza.com\/de\/wp-json\/wp\/v2\/product\/60247"}],"collection":[{"href":"https:\/\/trailerpartsplaza.com\/de\/wp-json\/wp\/v2\/product"}],"about":[{"href":"https:\/\/trailerpartsplaza.com\/de\/wp-json\/wp\/v2\/types\/product"}],"replies":[{"embeddable":true,"href":"https:\/\/trailerpartsplaza.com\/de\/wp-json\/wp\/v2\/comments?post=60247"}],"wp:featuredmedia":[{"embeddable":true,"href":"https:\/\/trailerpartsplaza.com\/de\/wp-json\/wp\/v2\/media\/55410"}],"wp:attachment":[{"href":"https:\/\/trailerpartsplaza.com\/de\/wp-json\/wp\/v2\/media?parent=60247"}],"wp:term":[{"taxonomy":"product_brand","embeddable":true,"href":"https:\/\/trailerpartsplaza.com\/de\/wp-json\/wp\/v2\/product_brand?post=60247"},{"taxonomy":"product_cat","embeddable":true,"href":"https:\/\/trailerpartsplaza.com\/de\/wp-json\/wp\/v2\/product_cat?post=60247"},{"taxonomy":"product_tag","embeddable":true,"href":"https:\/\/trailerpartsplaza.com\/de\/wp-json\/wp\/v2\/product_tag?post=60247"}],"curies":[{"name":"wp","href":"https:\/\/api.w.org\/{rel}","templated":true}]}}