{"id":60271,"date":"2025-04-01T13:25:10","date_gmt":"2025-04-01T13:25:10","guid":{"rendered":"https:\/\/trailerpartsplaza.com\/product\/kabelsatz-8m-13p-stecker-2x6m-dc-2x5-p-stecker\/"},"modified":"2025-04-01T13:25:10","modified_gmt":"2025-04-01T13:25:10","slug":"kabelsatz-8m-13p-stecker-2x6m-dc-2x5-p-stecker","status":"publish","type":"product","link":"https:\/\/trailerpartsplaza.com\/de\/produkt\/kabelsatz-8m-13p-stecker-2x6m-dc-2x5-p-stecker\/","title":{"rendered":"Kabelsatz 8m, 13p. Stecker \/ 2x6m.DC + 2&#215;5 p. Stecker"},"content":{"rendered":"","protected":false},"excerpt":{"rendered":"<p>R\u00fcsten Sie Ihr Fahrzeug mit dem Kabelsatz 8m, 13p. Stecker \/ 2x6m.dc + 2x5p. Stecker f\u00fcr eine solide und stabile Basis auf. Sowohl f\u00fcr leichte als auch f\u00fcr schwerere Anwendungen geeignet. Entwickelt f\u00fcr lange Lebensdauer und Benutzerfreundlichkeit. M\u00f6chten Sie weitere Informationen zu diesem Produkt? Dann kontaktieren Sie uns bitte!     <\/p>\n","protected":false},"featured_media":55419,"comment_status":"open","ping_status":"closed","template":"","meta":{"_joinchat":[]},"product_brand":[],"product_cat":[891,892],"product_tag":[],"class_list":{"0":"post-60271","1":"product","2":"type-product","3":"status-publish","4":"has-post-thumbnail","6":"product_cat-elektrizitat","7":"product_cat-stromkabel-sets","10":"first","11":"instock","12":"taxable","13":"shipping-taxable","14":"purchasable","15":"product-type-simple"},"_links":{"self":[{"href":"https:\/\/trailerpartsplaza.com\/de\/wp-json\/wp\/v2\/product\/60271"}],"collection":[{"href":"https:\/\/trailerpartsplaza.com\/de\/wp-json\/wp\/v2\/product"}],"about":[{"href":"https:\/\/trailerpartsplaza.com\/de\/wp-json\/wp\/v2\/types\/product"}],"replies":[{"embeddable":true,"href":"https:\/\/trailerpartsplaza.com\/de\/wp-json\/wp\/v2\/comments?post=60271"}],"wp:featuredmedia":[{"embeddable":true,"href":"https:\/\/trailerpartsplaza.com\/de\/wp-json\/wp\/v2\/media\/55419"}],"wp:attachment":[{"href":"https:\/\/trailerpartsplaza.com\/de\/wp-json\/wp\/v2\/media?parent=60271"}],"wp:term":[{"taxonomy":"product_brand","embeddable":true,"href":"https:\/\/trailerpartsplaza.com\/de\/wp-json\/wp\/v2\/product_brand?post=60271"},{"taxonomy":"product_cat","embeddable":true,"href":"https:\/\/trailerpartsplaza.com\/de\/wp-json\/wp\/v2\/product_cat?post=60271"},{"taxonomy":"product_tag","embeddable":true,"href":"https:\/\/trailerpartsplaza.com\/de\/wp-json\/wp\/v2\/product_tag?post=60271"}],"curies":[{"name":"wp","href":"https:\/\/api.w.org\/{rel}","templated":true}]}}