{"id":60369,"date":"2025-04-01T13:22:51","date_gmt":"2025-04-01T13:22:51","guid":{"rendered":"https:\/\/trailerpartsplaza.com\/product\/steckdose-71p-metall-nebelscheinwerferschalter\/"},"modified":"2025-04-01T13:22:51","modified_gmt":"2025-04-01T13:22:51","slug":"steckdose-71p-metall-nebelscheinwerferschalter","status":"publish","type":"product","link":"https:\/\/trailerpartsplaza.com\/de\/produkt\/steckdose-71p-metall-nebelscheinwerferschalter\/","title":{"rendered":"Steckdose 7+1p.Metall-Nebelscheinwerferschalter"},"content":{"rendered":"","protected":false},"excerpt":{"rendered":"<p>Mit dem Steckdosenschalter 7+1p.metal f\u00fcr Nebelscheinwerfer k\u00f6nnen Sie Ihren Anh\u00e4nger oder Trailer leicht verbessern. Sowohl f\u00fcr leichte als auch f\u00fcr schwerere Anwendungen geeignet. Kontaktieren Sie uns f\u00fcr weitere Informationen zu diesem Produkt. M\u00f6chten Sie weitere Informationen zu diesem Produkt? Dann nehmen Sie Kontakt mit uns auf!    <\/p>\n","protected":false},"featured_media":58192,"comment_status":"open","ping_status":"closed","template":"","meta":{"_joinchat":[]},"product_brand":[],"product_cat":[891,1079],"product_tag":[],"class_list":{"0":"post-60369","1":"product","2":"type-product","3":"status-publish","4":"has-post-thumbnail","6":"product_cat-elektrizitat","7":"product_cat-steckdosen","10":"first","11":"instock","12":"taxable","13":"shipping-taxable","14":"purchasable","15":"product-type-simple"},"_links":{"self":[{"href":"https:\/\/trailerpartsplaza.com\/de\/wp-json\/wp\/v2\/product\/60369"}],"collection":[{"href":"https:\/\/trailerpartsplaza.com\/de\/wp-json\/wp\/v2\/product"}],"about":[{"href":"https:\/\/trailerpartsplaza.com\/de\/wp-json\/wp\/v2\/types\/product"}],"replies":[{"embeddable":true,"href":"https:\/\/trailerpartsplaza.com\/de\/wp-json\/wp\/v2\/comments?post=60369"}],"wp:featuredmedia":[{"embeddable":true,"href":"https:\/\/trailerpartsplaza.com\/de\/wp-json\/wp\/v2\/media\/58192"}],"wp:attachment":[{"href":"https:\/\/trailerpartsplaza.com\/de\/wp-json\/wp\/v2\/media?parent=60369"}],"wp:term":[{"taxonomy":"product_brand","embeddable":true,"href":"https:\/\/trailerpartsplaza.com\/de\/wp-json\/wp\/v2\/product_brand?post=60369"},{"taxonomy":"product_cat","embeddable":true,"href":"https:\/\/trailerpartsplaza.com\/de\/wp-json\/wp\/v2\/product_cat?post=60369"},{"taxonomy":"product_tag","embeddable":true,"href":"https:\/\/trailerpartsplaza.com\/de\/wp-json\/wp\/v2\/product_tag?post=60369"}],"curies":[{"name":"wp","href":"https:\/\/api.w.org\/{rel}","templated":true}]}}