{"id":60373,"date":"2025-04-01T13:22:56","date_gmt":"2025-04-01T13:22:56","guid":{"rendered":"https:\/\/trailerpartsplaza.com\/product\/buchse-13p-pvc-schwimmend\/"},"modified":"2025-04-01T13:22:56","modified_gmt":"2025-04-01T13:22:56","slug":"buchse-13p-pvc-schwimmend","status":"publish","type":"product","link":"https:\/\/trailerpartsplaza.com\/de\/produkt\/buchse-13p-pvc-schwimmend\/","title":{"rendered":"Buchse 13p.pvc schwimmend"},"content":{"rendered":"","protected":false},"excerpt":{"rendered":"<p>F\u00fcr den intensiven Gebrauch ist die schwimmende Steckdose 13p.pvc eine ausgezeichnete Wahl. Die Kombination aus Robustheit und Funktionalit\u00e4t macht sie zu einer zuverl\u00e4ssigen L\u00f6sung. Ideal f\u00fcr Anh\u00e4nger, Wohnwagen und andere Transportmittel. M\u00f6chten Sie weitere Informationen zu diesem Produkt? Dann nehmen Sie Kontakt mit uns auf!    <\/p>\n","protected":false},"featured_media":55305,"comment_status":"open","ping_status":"closed","template":"","meta":{"_joinchat":[]},"product_brand":[],"product_cat":[891,1079],"product_tag":[],"class_list":{"0":"post-60373","1":"product","2":"type-product","3":"status-publish","4":"has-post-thumbnail","6":"product_cat-elektrizitat","7":"product_cat-steckdosen","10":"first","11":"instock","12":"taxable","13":"shipping-taxable","14":"purchasable","15":"product-type-simple"},"_links":{"self":[{"href":"https:\/\/trailerpartsplaza.com\/de\/wp-json\/wp\/v2\/product\/60373"}],"collection":[{"href":"https:\/\/trailerpartsplaza.com\/de\/wp-json\/wp\/v2\/product"}],"about":[{"href":"https:\/\/trailerpartsplaza.com\/de\/wp-json\/wp\/v2\/types\/product"}],"replies":[{"embeddable":true,"href":"https:\/\/trailerpartsplaza.com\/de\/wp-json\/wp\/v2\/comments?post=60373"}],"wp:featuredmedia":[{"embeddable":true,"href":"https:\/\/trailerpartsplaza.com\/de\/wp-json\/wp\/v2\/media\/55305"}],"wp:attachment":[{"href":"https:\/\/trailerpartsplaza.com\/de\/wp-json\/wp\/v2\/media?parent=60373"}],"wp:term":[{"taxonomy":"product_brand","embeddable":true,"href":"https:\/\/trailerpartsplaza.com\/de\/wp-json\/wp\/v2\/product_brand?post=60373"},{"taxonomy":"product_cat","embeddable":true,"href":"https:\/\/trailerpartsplaza.com\/de\/wp-json\/wp\/v2\/product_cat?post=60373"},{"taxonomy":"product_tag","embeddable":true,"href":"https:\/\/trailerpartsplaza.com\/de\/wp-json\/wp\/v2\/product_tag?post=60373"}],"curies":[{"name":"wp","href":"https:\/\/api.w.org\/{rel}","templated":true}]}}