{"id":60380,"date":"2025-04-01T13:22:55","date_gmt":"2025-04-01T13:22:55","guid":{"rendered":"https:\/\/trailerpartsplaza.com\/product\/stecker-7p-klick-modell-2-loch-durchfuehrung\/"},"modified":"2025-04-01T13:22:55","modified_gmt":"2025-04-01T13:22:55","slug":"stecker-7p-klick-modell-2-loch-durchfuehrung","status":"publish","type":"product","link":"https:\/\/trailerpartsplaza.com\/de\/produkt\/stecker-7p-klick-modell-2-loch-durchfuehrung\/","title":{"rendered":"Stecker 7p. Klick-Modell 2-Loch-Durchf\u00fchrung"},"content":{"rendered":"","protected":false},"excerpt":{"rendered":"<p>F\u00fcr eine intensive Nutzung ist die 2-Loch-Durchf\u00fchrung des Modells 7p. click eine ausgezeichnete Wahl. Die intelligente Konstruktion und die Abmessungen machen die Montage einfach. Ideal f\u00fcr Anh\u00e4nger, Wohnwagen und andere Transportmittel. M\u00f6chten Sie weitere Informationen zu diesem Produkt? Dann nehmen Sie Kontakt mit uns auf!     <\/p>\n","protected":false},"featured_media":58177,"comment_status":"open","ping_status":"closed","template":"","meta":{"_joinchat":[]},"product_brand":[],"product_cat":[891,1077],"product_tag":[],"class_list":{"0":"post-60380","1":"product","2":"type-product","3":"status-publish","4":"has-post-thumbnail","6":"product_cat-elektrizitat","7":"product_cat-stecker-und-adapter","10":"first","11":"instock","12":"taxable","13":"shipping-taxable","14":"purchasable","15":"product-type-simple"},"_links":{"self":[{"href":"https:\/\/trailerpartsplaza.com\/de\/wp-json\/wp\/v2\/product\/60380"}],"collection":[{"href":"https:\/\/trailerpartsplaza.com\/de\/wp-json\/wp\/v2\/product"}],"about":[{"href":"https:\/\/trailerpartsplaza.com\/de\/wp-json\/wp\/v2\/types\/product"}],"replies":[{"embeddable":true,"href":"https:\/\/trailerpartsplaza.com\/de\/wp-json\/wp\/v2\/comments?post=60380"}],"wp:featuredmedia":[{"embeddable":true,"href":"https:\/\/trailerpartsplaza.com\/de\/wp-json\/wp\/v2\/media\/58177"}],"wp:attachment":[{"href":"https:\/\/trailerpartsplaza.com\/de\/wp-json\/wp\/v2\/media?parent=60380"}],"wp:term":[{"taxonomy":"product_brand","embeddable":true,"href":"https:\/\/trailerpartsplaza.com\/de\/wp-json\/wp\/v2\/product_brand?post=60380"},{"taxonomy":"product_cat","embeddable":true,"href":"https:\/\/trailerpartsplaza.com\/de\/wp-json\/wp\/v2\/product_cat?post=60380"},{"taxonomy":"product_tag","embeddable":true,"href":"https:\/\/trailerpartsplaza.com\/de\/wp-json\/wp\/v2\/product_tag?post=60380"}],"curies":[{"name":"wp","href":"https:\/\/api.w.org\/{rel}","templated":true}]}}