{"id":60387,"date":"2025-04-01T13:22:29","date_gmt":"2025-04-01T13:22:29","guid":{"rendered":"https:\/\/trailerpartsplaza.com\/product\/verlaengerungskabel-cee-200-250v-16a-blau-20m\/"},"modified":"2025-04-01T13:22:29","modified_gmt":"2025-04-01T13:22:29","slug":"verlaengerungskabel-cee-200-250v-16a-blau-20m","status":"publish","type":"product","link":"https:\/\/trailerpartsplaza.com\/de\/produkt\/verlaengerungskabel-cee-200-250v-16a-blau-20m\/","title":{"rendered":"Verl\u00e4ngerungskabel CEE. 200\/250V 16A blau 20m."},"content":{"rendered":"","protected":false},"excerpt":{"rendered":"<p>Mit dem Verl\u00e4ngerungskabel cee. 200\/250v 16a blau 20m. k\u00f6nnen Sie Ihren Anh\u00e4nger oder Trailer leicht verbessern. Sowohl f\u00fcr leichte als auch f\u00fcr schwerere Anwendungen geeignet. Ideal f\u00fcr Anh\u00e4nger, Wohnwagen und andere Transportmittel. M\u00f6chten Sie weitere Informationen zu diesem Produkt? Dann nehmen Sie Kontakt mit uns auf!      <\/p>\n","protected":false},"featured_media":62821,"comment_status":"open","ping_status":"closed","template":"","meta":{"_joinchat":[]},"product_brand":[],"product_cat":[961,962],"product_tag":[],"class_list":{"0":"post-60387","1":"product","2":"type-product","3":"status-publish","4":"has-post-thumbnail","6":"product_cat-wohnwagen-und-wohnmobil","7":"product_cat-wohnwagen-zubehor","10":"first","11":"instock","12":"taxable","13":"shipping-taxable","14":"purchasable","15":"product-type-simple"},"_links":{"self":[{"href":"https:\/\/trailerpartsplaza.com\/de\/wp-json\/wp\/v2\/product\/60387"}],"collection":[{"href":"https:\/\/trailerpartsplaza.com\/de\/wp-json\/wp\/v2\/product"}],"about":[{"href":"https:\/\/trailerpartsplaza.com\/de\/wp-json\/wp\/v2\/types\/product"}],"replies":[{"embeddable":true,"href":"https:\/\/trailerpartsplaza.com\/de\/wp-json\/wp\/v2\/comments?post=60387"}],"wp:featuredmedia":[{"embeddable":true,"href":"https:\/\/trailerpartsplaza.com\/de\/wp-json\/wp\/v2\/media\/62821"}],"wp:attachment":[{"href":"https:\/\/trailerpartsplaza.com\/de\/wp-json\/wp\/v2\/media?parent=60387"}],"wp:term":[{"taxonomy":"product_brand","embeddable":true,"href":"https:\/\/trailerpartsplaza.com\/de\/wp-json\/wp\/v2\/product_brand?post=60387"},{"taxonomy":"product_cat","embeddable":true,"href":"https:\/\/trailerpartsplaza.com\/de\/wp-json\/wp\/v2\/product_cat?post=60387"},{"taxonomy":"product_tag","embeddable":true,"href":"https:\/\/trailerpartsplaza.com\/de\/wp-json\/wp\/v2\/product_tag?post=60387"}],"curies":[{"name":"wp","href":"https:\/\/api.w.org\/{rel}","templated":true}]}}