{"id":60390,"date":"2025-04-01T13:22:28","date_gmt":"2025-04-01T13:22:28","guid":{"rendered":"https:\/\/trailerpartsplaza.com\/product\/cee-gegenstecker-3p-16a\/"},"modified":"2025-04-01T13:22:28","modified_gmt":"2025-04-01T13:22:28","slug":"cee-gegenstecker-3p-16a","status":"publish","type":"product","link":"https:\/\/trailerpartsplaza.com\/de\/produkt\/cee-gegenstecker-3p-16a\/","title":{"rendered":"Cee-Gegenstecker 3p 16A"},"content":{"rendered":"","protected":false},"excerpt":{"rendered":"<p>Mit dem cee-Gegenstecker 3p 16a k\u00f6nnen Sie Ihren Anh\u00e4nger oder Trailer ganz einfach verbessern. Perfekt auf die g\u00e4ngigen Fahrzeugspezifikationen abgestimmt. Ideal f\u00fcr Anh\u00e4nger, Wohnwagen und andere Transportmittel. M\u00f6chten Sie weitere Informationen zu diesem Produkt? Dann nehmen Sie Kontakt mit uns auf!    <\/p>\n","protected":false},"featured_media":55272,"comment_status":"open","ping_status":"closed","template":"","meta":{"_joinchat":[]},"product_brand":[],"product_cat":[961,962],"product_tag":[],"class_list":{"0":"post-60390","1":"product","2":"type-product","3":"status-publish","4":"has-post-thumbnail","6":"product_cat-wohnwagen-und-wohnmobil","7":"product_cat-wohnwagen-zubehor","10":"first","11":"instock","12":"taxable","13":"shipping-taxable","14":"purchasable","15":"product-type-simple"},"_links":{"self":[{"href":"https:\/\/trailerpartsplaza.com\/de\/wp-json\/wp\/v2\/product\/60390"}],"collection":[{"href":"https:\/\/trailerpartsplaza.com\/de\/wp-json\/wp\/v2\/product"}],"about":[{"href":"https:\/\/trailerpartsplaza.com\/de\/wp-json\/wp\/v2\/types\/product"}],"replies":[{"embeddable":true,"href":"https:\/\/trailerpartsplaza.com\/de\/wp-json\/wp\/v2\/comments?post=60390"}],"wp:featuredmedia":[{"embeddable":true,"href":"https:\/\/trailerpartsplaza.com\/de\/wp-json\/wp\/v2\/media\/55272"}],"wp:attachment":[{"href":"https:\/\/trailerpartsplaza.com\/de\/wp-json\/wp\/v2\/media?parent=60390"}],"wp:term":[{"taxonomy":"product_brand","embeddable":true,"href":"https:\/\/trailerpartsplaza.com\/de\/wp-json\/wp\/v2\/product_brand?post=60390"},{"taxonomy":"product_cat","embeddable":true,"href":"https:\/\/trailerpartsplaza.com\/de\/wp-json\/wp\/v2\/product_cat?post=60390"},{"taxonomy":"product_tag","embeddable":true,"href":"https:\/\/trailerpartsplaza.com\/de\/wp-json\/wp\/v2\/product_tag?post=60390"}],"curies":[{"name":"wp","href":"https:\/\/api.w.org\/{rel}","templated":true}]}}