{"id":60391,"date":"2025-04-01T13:22:33","date_gmt":"2025-04-01T13:22:33","guid":{"rendered":"https:\/\/trailerpartsplaza.com\/product\/cee-adapterstecker-16-amp-box-220-v\/"},"modified":"2025-04-01T13:22:33","modified_gmt":"2025-04-01T13:22:33","slug":"cee-adapterstecker-16-amp-box-220-v","status":"publish","type":"product","link":"https:\/\/trailerpartsplaza.com\/de\/produkt\/cee-adapterstecker-16-amp-box-220-v\/","title":{"rendered":"Cee Adapterstecker 16 Amp. \/ Box 220 V."},"content":{"rendered":"","protected":false},"excerpt":{"rendered":"<p>Mit dem cee-Adapterstecker 16 Amp. \/ Box 220 V. k\u00f6nnen Sie Ihren Anh\u00e4nger oder Trailer ganz einfach verbessern. Perfekt auf die g\u00e4ngigen Fahrzeugspezifikationen abgestimmt. F\u00fcr alle, die Qualit\u00e4t und Komfort in einem Teil suchen. M\u00f6chten Sie weitere Informationen zu diesem Produkt? Dann nehmen Sie Kontakt mit uns auf!     <\/p>\n","protected":false},"featured_media":62558,"comment_status":"open","ping_status":"closed","template":"","meta":{"_joinchat":[]},"product_brand":[],"product_cat":[961,962],"product_tag":[],"class_list":{"0":"post-60391","1":"product","2":"type-product","3":"status-publish","4":"has-post-thumbnail","6":"product_cat-wohnwagen-und-wohnmobil","7":"product_cat-wohnwagen-zubehor","10":"first","11":"instock","12":"taxable","13":"shipping-taxable","14":"purchasable","15":"product-type-simple"},"_links":{"self":[{"href":"https:\/\/trailerpartsplaza.com\/de\/wp-json\/wp\/v2\/product\/60391"}],"collection":[{"href":"https:\/\/trailerpartsplaza.com\/de\/wp-json\/wp\/v2\/product"}],"about":[{"href":"https:\/\/trailerpartsplaza.com\/de\/wp-json\/wp\/v2\/types\/product"}],"replies":[{"embeddable":true,"href":"https:\/\/trailerpartsplaza.com\/de\/wp-json\/wp\/v2\/comments?post=60391"}],"wp:featuredmedia":[{"embeddable":true,"href":"https:\/\/trailerpartsplaza.com\/de\/wp-json\/wp\/v2\/media\/62558"}],"wp:attachment":[{"href":"https:\/\/trailerpartsplaza.com\/de\/wp-json\/wp\/v2\/media?parent=60391"}],"wp:term":[{"taxonomy":"product_brand","embeddable":true,"href":"https:\/\/trailerpartsplaza.com\/de\/wp-json\/wp\/v2\/product_brand?post=60391"},{"taxonomy":"product_cat","embeddable":true,"href":"https:\/\/trailerpartsplaza.com\/de\/wp-json\/wp\/v2\/product_cat?post=60391"},{"taxonomy":"product_tag","embeddable":true,"href":"https:\/\/trailerpartsplaza.com\/de\/wp-json\/wp\/v2\/product_tag?post=60391"}],"curies":[{"name":"wp","href":"https:\/\/api.w.org\/{rel}","templated":true}]}}