{"id":60610,"date":"2025-04-01T13:20:57","date_gmt":"2025-04-01T13:20:57","guid":{"rendered":"https:\/\/trailerpartsplaza.com\/product\/ringmutter-m10\/"},"modified":"2025-04-01T13:20:57","modified_gmt":"2025-04-01T13:20:57","slug":"ringmutter-m10","status":"publish","type":"product","link":"https:\/\/trailerpartsplaza.com\/de\/produkt\/ringmutter-m10\/","title":{"rendered":"Ringmutter M10"},"content":{"rendered":"","protected":false},"excerpt":{"rendered":"<p>Mit der \u00d6senmutter m10 k\u00f6nnen Sie Ihren Anh\u00e4nger oder Trailer leicht verbessern. Diese Version ist aus hochwertigem Material gefertigt und f\u00fcr den t\u00e4glichen Gebrauch geeignet. Entwickelt f\u00fcr eine lange Lebensdauer und einfache Verwendung. M\u00f6chten Sie weitere Informationen zu diesem Produkt? Dann nehmen Sie Kontakt mit uns auf!    <\/p>\n","protected":false},"featured_media":58015,"comment_status":"open","ping_status":"closed","template":"","meta":{"_joinchat":[]},"product_brand":[],"product_cat":[909,983],"product_tag":[],"class_list":{"0":"post-60610","1":"product","2":"type-product","3":"status-publish","4":"has-post-thumbnail","6":"product_cat-gebaude-hardware","7":"product_cat-muttern-und-unterlegscheiben","10":"first","11":"instock","12":"taxable","13":"shipping-taxable","14":"purchasable","15":"product-type-simple"},"_links":{"self":[{"href":"https:\/\/trailerpartsplaza.com\/de\/wp-json\/wp\/v2\/product\/60610"}],"collection":[{"href":"https:\/\/trailerpartsplaza.com\/de\/wp-json\/wp\/v2\/product"}],"about":[{"href":"https:\/\/trailerpartsplaza.com\/de\/wp-json\/wp\/v2\/types\/product"}],"replies":[{"embeddable":true,"href":"https:\/\/trailerpartsplaza.com\/de\/wp-json\/wp\/v2\/comments?post=60610"}],"wp:featuredmedia":[{"embeddable":true,"href":"https:\/\/trailerpartsplaza.com\/de\/wp-json\/wp\/v2\/media\/58015"}],"wp:attachment":[{"href":"https:\/\/trailerpartsplaza.com\/de\/wp-json\/wp\/v2\/media?parent=60610"}],"wp:term":[{"taxonomy":"product_brand","embeddable":true,"href":"https:\/\/trailerpartsplaza.com\/de\/wp-json\/wp\/v2\/product_brand?post=60610"},{"taxonomy":"product_cat","embeddable":true,"href":"https:\/\/trailerpartsplaza.com\/de\/wp-json\/wp\/v2\/product_cat?post=60610"},{"taxonomy":"product_tag","embeddable":true,"href":"https:\/\/trailerpartsplaza.com\/de\/wp-json\/wp\/v2\/product_tag?post=60610"}],"curies":[{"name":"wp","href":"https:\/\/api.w.org\/{rel}","templated":true}]}}