{"id":60650,"date":"2025-04-01T13:21:14","date_gmt":"2025-04-01T13:21:14","guid":{"rendered":"https:\/\/trailerpartsplaza.com\/product\/rohrverbinder-3-teilig-30-x-30-x-2-0-3d3\/"},"modified":"2025-04-01T13:21:14","modified_gmt":"2025-04-01T13:21:14","slug":"rohrverbinder-3-teilig-30-x-30-x-2-0-3d3","status":"publish","type":"product","link":"https:\/\/trailerpartsplaza.com\/de\/produkt\/rohrverbinder-3-teilig-30-x-30-x-2-0-3d3\/","title":{"rendered":"Rohrverbinder 3-teilig 30 x 30 x 2.0 &#8211; 3D3"},"content":{"rendered":"","protected":false},"excerpt":{"rendered":"<p>Die Rohrverbinder 3-teilig 30 x 30 x 2,0 &#8211; 3d3 sind f\u00fcr zuverl\u00e4ssige Leistung und Langlebigkeit ausgelegt. Perfekt auf die g\u00e4ngigen Fahrzeugspezifikationen abgestimmt. Bitte kontaktieren Sie uns f\u00fcr weitere Informationen zu diesem Produkt. M\u00f6chten Sie weitere Informationen zu diesem Produkt? Dann nehmen Sie Kontakt mit uns auf!    <\/p>\n","protected":false},"featured_media":55128,"comment_status":"open","ping_status":"closed","template":"","meta":{"_joinchat":[]},"product_brand":[],"product_cat":[967,1083],"product_tag":[],"class_list":{"0":"post-60650","1":"product","2":"type-product","3":"status-publish","4":"has-post-thumbnail","6":"product_cat-befestigungen-fur-lasten","7":"product_cat-schlauchanschluss","10":"first","11":"instock","12":"taxable","13":"shipping-taxable","14":"purchasable","15":"product-type-simple"},"_links":{"self":[{"href":"https:\/\/trailerpartsplaza.com\/de\/wp-json\/wp\/v2\/product\/60650"}],"collection":[{"href":"https:\/\/trailerpartsplaza.com\/de\/wp-json\/wp\/v2\/product"}],"about":[{"href":"https:\/\/trailerpartsplaza.com\/de\/wp-json\/wp\/v2\/types\/product"}],"replies":[{"embeddable":true,"href":"https:\/\/trailerpartsplaza.com\/de\/wp-json\/wp\/v2\/comments?post=60650"}],"wp:featuredmedia":[{"embeddable":true,"href":"https:\/\/trailerpartsplaza.com\/de\/wp-json\/wp\/v2\/media\/55128"}],"wp:attachment":[{"href":"https:\/\/trailerpartsplaza.com\/de\/wp-json\/wp\/v2\/media?parent=60650"}],"wp:term":[{"taxonomy":"product_brand","embeddable":true,"href":"https:\/\/trailerpartsplaza.com\/de\/wp-json\/wp\/v2\/product_brand?post=60650"},{"taxonomy":"product_cat","embeddable":true,"href":"https:\/\/trailerpartsplaza.com\/de\/wp-json\/wp\/v2\/product_cat?post=60650"},{"taxonomy":"product_tag","embeddable":true,"href":"https:\/\/trailerpartsplaza.com\/de\/wp-json\/wp\/v2\/product_tag?post=60650"}],"curies":[{"name":"wp","href":"https:\/\/api.w.org\/{rel}","templated":true}]}}