{"id":60687,"date":"2025-04-01T13:19:58","date_gmt":"2025-04-01T13:19:58","guid":{"rendered":"https:\/\/trailerpartsplaza.com\/product\/spanngummi-365x25mm\/"},"modified":"2025-04-01T13:19:58","modified_gmt":"2025-04-01T13:19:58","slug":"spanngummi-365x25mm","status":"publish","type":"product","link":"https:\/\/trailerpartsplaza.com\/de\/produkt\/spanngummi-365x25mm\/","title":{"rendered":"Spanngummi 365x25mm."},"content":{"rendered":"","protected":false},"excerpt":{"rendered":"<p>R\u00fcsten Sie Ihr Fahrzeug mit dem Spanngummi 365x25mm. f\u00fcr eine feste und stabile Basis auf. Sowohl f\u00fcr leichte als auch f\u00fcr schwerere Anwendungen geeignet. Bitte kontaktieren Sie uns f\u00fcr weitere Informationen zu diesem Produkt. M\u00f6chten Sie weitere Informationen zu diesem Produkt? Dann nehmen Sie Kontakt mit uns auf!     <\/p>\n","protected":false},"featured_media":58144,"comment_status":"open","ping_status":"closed","template":"","meta":{"_joinchat":[]},"product_brand":[],"product_cat":[967,1097],"product_tag":[],"class_list":{"0":"post-60687","1":"product","2":"type-product","3":"status-publish","4":"has-post-thumbnail","6":"product_cat-befestigungen-fur-lasten","7":"product_cat-spanngummis","10":"first","11":"instock","12":"taxable","13":"shipping-taxable","14":"purchasable","15":"product-type-simple"},"_links":{"self":[{"href":"https:\/\/trailerpartsplaza.com\/de\/wp-json\/wp\/v2\/product\/60687"}],"collection":[{"href":"https:\/\/trailerpartsplaza.com\/de\/wp-json\/wp\/v2\/product"}],"about":[{"href":"https:\/\/trailerpartsplaza.com\/de\/wp-json\/wp\/v2\/types\/product"}],"replies":[{"embeddable":true,"href":"https:\/\/trailerpartsplaza.com\/de\/wp-json\/wp\/v2\/comments?post=60687"}],"wp:featuredmedia":[{"embeddable":true,"href":"https:\/\/trailerpartsplaza.com\/de\/wp-json\/wp\/v2\/media\/58144"}],"wp:attachment":[{"href":"https:\/\/trailerpartsplaza.com\/de\/wp-json\/wp\/v2\/media?parent=60687"}],"wp:term":[{"taxonomy":"product_brand","embeddable":true,"href":"https:\/\/trailerpartsplaza.com\/de\/wp-json\/wp\/v2\/product_brand?post=60687"},{"taxonomy":"product_cat","embeddable":true,"href":"https:\/\/trailerpartsplaza.com\/de\/wp-json\/wp\/v2\/product_cat?post=60687"},{"taxonomy":"product_tag","embeddable":true,"href":"https:\/\/trailerpartsplaza.com\/de\/wp-json\/wp\/v2\/product_tag?post=60687"}],"curies":[{"name":"wp","href":"https:\/\/api.w.org\/{rel}","templated":true}]}}