{"id":61005,"date":"2025-04-01T13:16:58","date_gmt":"2025-04-01T13:16:58","guid":{"rendered":"https:\/\/trailerpartsplaza.com\/product\/klemmenhalter-rund-60-70-mm-satz\/"},"modified":"2025-04-01T13:16:58","modified_gmt":"2025-04-01T13:16:58","slug":"klemmenhalter-rund-60-70-mm-satz","status":"publish","type":"product","link":"https:\/\/trailerpartsplaza.com\/de\/produkt\/klemmenhalter-rund-60-70-mm-satz\/","title":{"rendered":"Klemmenhalter rund 60\/70 mm. Satz"},"content":{"rendered":"","protected":false},"excerpt":{"rendered":"<p>Der Klemmhalter rund 60\/70mm. Set bietet robuste Unterst\u00fctzung f\u00fcr eine Vielzahl von Anwendungen. Perfekt auf die g\u00e4ngigen Fahrzeugspezifikationen abgestimmt. Eine h\u00e4ufig gew\u00e4hlte Komponente unter professionellen Anwendern. M\u00f6chten Sie weitere Informationen zu diesem Produkt? Dann nehmen Sie Kontakt mit uns auf!     <\/p>\n","protected":false},"featured_media":54648,"comment_status":"open","ping_status":"closed","template":"","meta":{"_joinchat":[]},"product_brand":[],"product_cat":[1109,1108],"product_tag":[],"class_list":{"0":"post-61005","1":"product","2":"type-product","3":"status-publish","4":"has-post-thumbnail","6":"product_cat-klammern-und-hebel","7":"product_cat-nasenrader-zubehor","10":"first","11":"instock","12":"taxable","13":"shipping-taxable","14":"purchasable","15":"product-type-simple"},"_links":{"self":[{"href":"https:\/\/trailerpartsplaza.com\/de\/wp-json\/wp\/v2\/product\/61005"}],"collection":[{"href":"https:\/\/trailerpartsplaza.com\/de\/wp-json\/wp\/v2\/product"}],"about":[{"href":"https:\/\/trailerpartsplaza.com\/de\/wp-json\/wp\/v2\/types\/product"}],"replies":[{"embeddable":true,"href":"https:\/\/trailerpartsplaza.com\/de\/wp-json\/wp\/v2\/comments?post=61005"}],"wp:featuredmedia":[{"embeddable":true,"href":"https:\/\/trailerpartsplaza.com\/de\/wp-json\/wp\/v2\/media\/54648"}],"wp:attachment":[{"href":"https:\/\/trailerpartsplaza.com\/de\/wp-json\/wp\/v2\/media?parent=61005"}],"wp:term":[{"taxonomy":"product_brand","embeddable":true,"href":"https:\/\/trailerpartsplaza.com\/de\/wp-json\/wp\/v2\/product_brand?post=61005"},{"taxonomy":"product_cat","embeddable":true,"href":"https:\/\/trailerpartsplaza.com\/de\/wp-json\/wp\/v2\/product_cat?post=61005"},{"taxonomy":"product_tag","embeddable":true,"href":"https:\/\/trailerpartsplaza.com\/de\/wp-json\/wp\/v2\/product_tag?post=61005"}],"curies":[{"name":"wp","href":"https:\/\/api.w.org\/{rel}","templated":true}]}}