{"id":61010,"date":"2025-04-01T13:16:59","date_gmt":"2025-04-01T13:16:59","guid":{"rendered":"https:\/\/trailerpartsplaza.com\/product\/klemmbuegel-fuer-v-deichsel\/"},"modified":"2025-04-01T13:16:59","modified_gmt":"2025-04-01T13:16:59","slug":"klemmbuegel-fuer-v-deichsel","status":"publish","type":"product","link":"https:\/\/trailerpartsplaza.com\/de\/produkt\/klemmbuegel-fuer-v-deichsel\/","title":{"rendered":"Klemmb\u00fcgel f\u00fcr V-Deichsel"},"content":{"rendered":"","protected":false},"excerpt":{"rendered":"<p>Mit dem Klemmhalter f\u00fcr V-Deichsel k\u00f6nnen Sie Ihren Anh\u00e4nger oder Trailer ganz einfach verbessern. Perfekt auf die g\u00e4ngigen Fahrzeugspezifikationen abgestimmt. Ein beliebtes Teil bei Profis. M\u00f6chten Sie weitere Informationen zu diesem Produkt? Dann nehmen Sie Kontakt mit uns auf!    <\/p>\n","protected":false},"featured_media":54654,"comment_status":"open","ping_status":"closed","template":"","meta":{"_joinchat":[]},"product_brand":[],"product_cat":[1109,1108],"product_tag":[],"class_list":{"0":"post-61010","1":"product","2":"type-product","3":"status-publish","4":"has-post-thumbnail","6":"product_cat-klammern-und-hebel","7":"product_cat-nasenrader-zubehor","10":"first","11":"instock","12":"taxable","13":"shipping-taxable","14":"purchasable","15":"product-type-simple"},"_links":{"self":[{"href":"https:\/\/trailerpartsplaza.com\/de\/wp-json\/wp\/v2\/product\/61010"}],"collection":[{"href":"https:\/\/trailerpartsplaza.com\/de\/wp-json\/wp\/v2\/product"}],"about":[{"href":"https:\/\/trailerpartsplaza.com\/de\/wp-json\/wp\/v2\/types\/product"}],"replies":[{"embeddable":true,"href":"https:\/\/trailerpartsplaza.com\/de\/wp-json\/wp\/v2\/comments?post=61010"}],"wp:featuredmedia":[{"embeddable":true,"href":"https:\/\/trailerpartsplaza.com\/de\/wp-json\/wp\/v2\/media\/54654"}],"wp:attachment":[{"href":"https:\/\/trailerpartsplaza.com\/de\/wp-json\/wp\/v2\/media?parent=61010"}],"wp:term":[{"taxonomy":"product_brand","embeddable":true,"href":"https:\/\/trailerpartsplaza.com\/de\/wp-json\/wp\/v2\/product_brand?post=61010"},{"taxonomy":"product_cat","embeddable":true,"href":"https:\/\/trailerpartsplaza.com\/de\/wp-json\/wp\/v2\/product_cat?post=61010"},{"taxonomy":"product_tag","embeddable":true,"href":"https:\/\/trailerpartsplaza.com\/de\/wp-json\/wp\/v2\/product_tag?post=61010"}],"curies":[{"name":"wp","href":"https:\/\/api.w.org\/{rel}","templated":true}]}}