{"id":61101,"date":"2025-04-01T13:17:39","date_gmt":"2025-04-01T13:17:39","guid":{"rendered":"https:\/\/trailerpartsplaza.com\/product\/ventilhaken-nr0-l-145x48mm\/"},"modified":"2025-04-01T13:17:39","modified_gmt":"2025-04-01T13:17:39","slug":"ventilhaken-nr0-l-145x48mm","status":"publish","type":"product","link":"https:\/\/trailerpartsplaza.com\/de\/produkt\/ventilhaken-nr0-l-145x48mm\/","title":{"rendered":"Ventilhaken Nr0 (L) 145x48mm."},"content":{"rendered":"","protected":false},"excerpt":{"rendered":"<p>R\u00fcsten Sie Ihr Fahrzeug mit dem Ventilhaken nr0 (l) 145x48mm. f\u00fcr eine robuste und stabile Basis auf. Dank seiner intelligenten Konstruktion und Abmessungen ist die Montage einfach. Ideal f\u00fcr Anh\u00e4nger, Wohnwagen und andere Transportmittel. M\u00f6chten Sie weitere Informationen zu diesem Produkt? Dann kontaktieren Sie uns bitte!     <\/p>\n","protected":false},"featured_media":54735,"comment_status":"open","ping_status":"closed","template":"","meta":{"_joinchat":[]},"product_brand":[],"product_cat":[909,1085],"product_tag":[],"class_list":{"0":"post-61101","1":"product","2":"type-product","3":"status-publish","4":"has-post-thumbnail","6":"product_cat-gebaude-hardware","7":"product_cat-haken-und-osen","10":"first","11":"instock","12":"taxable","13":"shipping-taxable","14":"purchasable","15":"product-type-simple"},"_links":{"self":[{"href":"https:\/\/trailerpartsplaza.com\/de\/wp-json\/wp\/v2\/product\/61101"}],"collection":[{"href":"https:\/\/trailerpartsplaza.com\/de\/wp-json\/wp\/v2\/product"}],"about":[{"href":"https:\/\/trailerpartsplaza.com\/de\/wp-json\/wp\/v2\/types\/product"}],"replies":[{"embeddable":true,"href":"https:\/\/trailerpartsplaza.com\/de\/wp-json\/wp\/v2\/comments?post=61101"}],"wp:featuredmedia":[{"embeddable":true,"href":"https:\/\/trailerpartsplaza.com\/de\/wp-json\/wp\/v2\/media\/54735"}],"wp:attachment":[{"href":"https:\/\/trailerpartsplaza.com\/de\/wp-json\/wp\/v2\/media?parent=61101"}],"wp:term":[{"taxonomy":"product_brand","embeddable":true,"href":"https:\/\/trailerpartsplaza.com\/de\/wp-json\/wp\/v2\/product_brand?post=61101"},{"taxonomy":"product_cat","embeddable":true,"href":"https:\/\/trailerpartsplaza.com\/de\/wp-json\/wp\/v2\/product_cat?post=61101"},{"taxonomy":"product_tag","embeddable":true,"href":"https:\/\/trailerpartsplaza.com\/de\/wp-json\/wp\/v2\/product_tag?post=61101"}],"curies":[{"name":"wp","href":"https:\/\/api.w.org\/{rel}","templated":true}]}}