{"id":61192,"date":"2025-04-01T13:14:47","date_gmt":"2025-04-01T13:14:47","guid":{"rendered":"https:\/\/trailerpartsplaza.com\/product\/abschleppstangenkappe-golfball\/"},"modified":"2025-04-01T13:14:47","modified_gmt":"2025-04-01T13:14:47","slug":"abschleppstangenkappe-golfball","status":"publish","type":"product","link":"https:\/\/trailerpartsplaza.com\/de\/produkt\/abschleppstangenkappe-golfball\/","title":{"rendered":"Abschleppstangenkappe (Golfball)"},"content":{"rendered":"","protected":false},"excerpt":{"rendered":"<p>Mit der Abschleppstangenkappe (Golfball) k\u00f6nnen Sie Ihren Anh\u00e4nger oder Trailer ganz einfach verbessern. Diese Version ist aus hochwertigem Material gefertigt und f\u00fcr den t\u00e4glichen Gebrauch geeignet. F\u00fcr alle, die Qualit\u00e4t und Komfort in einem Teil suchen. M\u00f6chten Sie weitere Informationen zu diesem Produkt? Dann nehmen Sie Kontakt mit uns auf!    <\/p>\n","protected":false},"featured_media":54483,"comment_status":"open","ping_status":"closed","template":"","meta":{"_joinchat":[]},"product_brand":[],"product_cat":[1123,920],"product_tag":[],"class_list":{"0":"post-61192","1":"product","2":"type-product","3":"status-publish","4":"has-post-thumbnail","6":"product_cat-deichselkappen","7":"product_cat-kupplungen-zubehor","10":"first","11":"instock","12":"taxable","13":"shipping-taxable","14":"purchasable","15":"product-type-simple"},"_links":{"self":[{"href":"https:\/\/trailerpartsplaza.com\/de\/wp-json\/wp\/v2\/product\/61192"}],"collection":[{"href":"https:\/\/trailerpartsplaza.com\/de\/wp-json\/wp\/v2\/product"}],"about":[{"href":"https:\/\/trailerpartsplaza.com\/de\/wp-json\/wp\/v2\/types\/product"}],"replies":[{"embeddable":true,"href":"https:\/\/trailerpartsplaza.com\/de\/wp-json\/wp\/v2\/comments?post=61192"}],"wp:featuredmedia":[{"embeddable":true,"href":"https:\/\/trailerpartsplaza.com\/de\/wp-json\/wp\/v2\/media\/54483"}],"wp:attachment":[{"href":"https:\/\/trailerpartsplaza.com\/de\/wp-json\/wp\/v2\/media?parent=61192"}],"wp:term":[{"taxonomy":"product_brand","embeddable":true,"href":"https:\/\/trailerpartsplaza.com\/de\/wp-json\/wp\/v2\/product_brand?post=61192"},{"taxonomy":"product_cat","embeddable":true,"href":"https:\/\/trailerpartsplaza.com\/de\/wp-json\/wp\/v2\/product_cat?post=61192"},{"taxonomy":"product_tag","embeddable":true,"href":"https:\/\/trailerpartsplaza.com\/de\/wp-json\/wp\/v2\/product_tag?post=61192"}],"curies":[{"name":"wp","href":"https:\/\/api.w.org\/{rel}","templated":true}]}}