{"id":61246,"date":"2025-04-01T13:15:19","date_gmt":"2025-04-01T13:15:19","guid":{"rendered":"https:\/\/trailerpartsplaza.com\/product\/abschlepphuelse-luxusmodell\/"},"modified":"2025-04-01T13:15:19","modified_gmt":"2025-04-01T13:15:19","slug":"abschlepphuelse-luxusmodell","status":"publish","type":"product","link":"https:\/\/trailerpartsplaza.com\/de\/produkt\/abschlepphuelse-luxusmodell\/","title":{"rendered":"Abschlepph\u00fclse Luxusmodell"},"content":{"rendered":"","protected":false},"excerpt":{"rendered":"<p>R\u00fcsten Sie Ihr Fahrzeug mit dem Deluxe-Modell der Deichselschlossh\u00fclse f\u00fcr eine robuste und stabile Basis auf. Die Kombination aus Solidit\u00e4t und Funktionalit\u00e4t macht dies zu einer zuverl\u00e4ssigen L\u00f6sung. F\u00fcr alle, die Qualit\u00e4t und Komfort in einem Teil suchen. M\u00f6chten Sie weitere Informationen zu diesem Produkt? Dann nehmen Sie Kontakt mit uns auf!    <\/p>\n","protected":false},"featured_media":57018,"comment_status":"open","ping_status":"closed","template":"","meta":{"_joinchat":[]},"product_brand":[],"product_cat":[1126,1007],"product_tag":[],"class_list":{"0":"post-61246","1":"product","2":"type-product","3":"status-publish","4":"has-post-thumbnail","6":"product_cat-deichselschlosser","7":"product_cat-diebstahlsicherung","10":"first","11":"instock","12":"taxable","13":"shipping-taxable","14":"purchasable","15":"product-type-simple"},"_links":{"self":[{"href":"https:\/\/trailerpartsplaza.com\/de\/wp-json\/wp\/v2\/product\/61246"}],"collection":[{"href":"https:\/\/trailerpartsplaza.com\/de\/wp-json\/wp\/v2\/product"}],"about":[{"href":"https:\/\/trailerpartsplaza.com\/de\/wp-json\/wp\/v2\/types\/product"}],"replies":[{"embeddable":true,"href":"https:\/\/trailerpartsplaza.com\/de\/wp-json\/wp\/v2\/comments?post=61246"}],"wp:featuredmedia":[{"embeddable":true,"href":"https:\/\/trailerpartsplaza.com\/de\/wp-json\/wp\/v2\/media\/57018"}],"wp:attachment":[{"href":"https:\/\/trailerpartsplaza.com\/de\/wp-json\/wp\/v2\/media?parent=61246"}],"wp:term":[{"taxonomy":"product_brand","embeddable":true,"href":"https:\/\/trailerpartsplaza.com\/de\/wp-json\/wp\/v2\/product_brand?post=61246"},{"taxonomy":"product_cat","embeddable":true,"href":"https:\/\/trailerpartsplaza.com\/de\/wp-json\/wp\/v2\/product_cat?post=61246"},{"taxonomy":"product_tag","embeddable":true,"href":"https:\/\/trailerpartsplaza.com\/de\/wp-json\/wp\/v2\/product_tag?post=61246"}],"curies":[{"name":"wp","href":"https:\/\/api.w.org\/{rel}","templated":true}]}}