{"id":61256,"date":"2025-04-01T13:15:21","date_gmt":"2025-04-01T13:15:21","guid":{"rendered":"https:\/\/trailerpartsplaza.com\/product\/kupplungsschloss-universalschlitz\/"},"modified":"2025-04-01T13:15:21","modified_gmt":"2025-04-01T13:15:21","slug":"kupplungsschloss-universalschlitz","status":"publish","type":"product","link":"https:\/\/trailerpartsplaza.com\/de\/produkt\/kupplungsschloss-universalschlitz\/","title":{"rendered":"Kupplungsschloss Universalschlitz"},"content":{"rendered":"","protected":false},"excerpt":{"rendered":"<p>Der Universalschlitz des Kupplungsschlosses ist f\u00fcr zuverl\u00e4ssige Leistung und Langlebigkeit ausgelegt. Perfekt auf die g\u00e4ngigen Fahrzeugspezifikationen abgestimmt. Ideal f\u00fcr Anh\u00e4nger, Wohnwagen und andere Transportmittel. M\u00f6chten Sie weitere Informationen zu diesem Produkt? Dann nehmen Sie Kontakt mit uns auf!    <\/p>\n","protected":false},"featured_media":54540,"comment_status":"open","ping_status":"closed","template":"","meta":{"_joinchat":[]},"product_brand":[],"product_cat":[1126,1007],"product_tag":[],"class_list":{"0":"post-61256","1":"product","2":"type-product","3":"status-publish","4":"has-post-thumbnail","6":"product_cat-deichselschlosser","7":"product_cat-diebstahlsicherung","10":"first","11":"instock","12":"taxable","13":"shipping-taxable","14":"purchasable","15":"product-type-simple"},"_links":{"self":[{"href":"https:\/\/trailerpartsplaza.com\/de\/wp-json\/wp\/v2\/product\/61256"}],"collection":[{"href":"https:\/\/trailerpartsplaza.com\/de\/wp-json\/wp\/v2\/product"}],"about":[{"href":"https:\/\/trailerpartsplaza.com\/de\/wp-json\/wp\/v2\/types\/product"}],"replies":[{"embeddable":true,"href":"https:\/\/trailerpartsplaza.com\/de\/wp-json\/wp\/v2\/comments?post=61256"}],"wp:featuredmedia":[{"embeddable":true,"href":"https:\/\/trailerpartsplaza.com\/de\/wp-json\/wp\/v2\/media\/54540"}],"wp:attachment":[{"href":"https:\/\/trailerpartsplaza.com\/de\/wp-json\/wp\/v2\/media?parent=61256"}],"wp:term":[{"taxonomy":"product_brand","embeddable":true,"href":"https:\/\/trailerpartsplaza.com\/de\/wp-json\/wp\/v2\/product_brand?post=61256"},{"taxonomy":"product_cat","embeddable":true,"href":"https:\/\/trailerpartsplaza.com\/de\/wp-json\/wp\/v2\/product_cat?post=61256"},{"taxonomy":"product_tag","embeddable":true,"href":"https:\/\/trailerpartsplaza.com\/de\/wp-json\/wp\/v2\/product_tag?post=61256"}],"curies":[{"name":"wp","href":"https:\/\/api.w.org\/{rel}","templated":true}]}}