{"id":61260,"date":"2025-04-01T13:15:22","date_gmt":"2025-04-01T13:15:22","guid":{"rendered":"https:\/\/trailerpartsplaza.com\/product\/geteiltes-deichselschloss-deluxe\/"},"modified":"2026-01-27T12:36:49","modified_gmt":"2026-01-27T12:36:49","slug":"geteiltes-deichselschloss-deluxe","status":"publish","type":"product","link":"https:\/\/trailerpartsplaza.com\/de\/produkt\/geteiltes-deichselschloss-deluxe\/","title":{"rendered":"Geteiltes Deichselschloss deluxe"},"content":{"rendered":"","protected":false},"excerpt":{"rendered":"<p>Das Deichselschloss teilbar deluxe ist f\u00fcr zuverl\u00e4ssige Leistung und Langlebigkeit ausgelegt. Seine intelligente Konstruktion und seine Abmessungen machen die Montage einfach. F\u00fcr alle, die Qualit\u00e4t und Komfort in einem Teil suchen. M\u00f6chten Sie weitere Informationen zu diesem Produkt? Dann nehmen Sie Kontakt mit uns auf!    <\/p>\n","protected":false},"featured_media":57030,"comment_status":"open","ping_status":"closed","template":"","meta":{"_joinchat":[]},"product_brand":[],"product_cat":[1126,1007],"product_tag":[],"class_list":{"0":"post-61260","1":"product","2":"type-product","3":"status-publish","4":"has-post-thumbnail","6":"product_cat-deichselschlosser","7":"product_cat-diebstahlsicherung","10":"first","11":"instock","12":"taxable","13":"shipping-taxable","14":"purchasable","15":"product-type-simple"},"_links":{"self":[{"href":"https:\/\/trailerpartsplaza.com\/de\/wp-json\/wp\/v2\/product\/61260"}],"collection":[{"href":"https:\/\/trailerpartsplaza.com\/de\/wp-json\/wp\/v2\/product"}],"about":[{"href":"https:\/\/trailerpartsplaza.com\/de\/wp-json\/wp\/v2\/types\/product"}],"replies":[{"embeddable":true,"href":"https:\/\/trailerpartsplaza.com\/de\/wp-json\/wp\/v2\/comments?post=61260"}],"wp:featuredmedia":[{"embeddable":true,"href":"https:\/\/trailerpartsplaza.com\/de\/wp-json\/wp\/v2\/media\/57030"}],"wp:attachment":[{"href":"https:\/\/trailerpartsplaza.com\/de\/wp-json\/wp\/v2\/media?parent=61260"}],"wp:term":[{"taxonomy":"product_brand","embeddable":true,"href":"https:\/\/trailerpartsplaza.com\/de\/wp-json\/wp\/v2\/product_brand?post=61260"},{"taxonomy":"product_cat","embeddable":true,"href":"https:\/\/trailerpartsplaza.com\/de\/wp-json\/wp\/v2\/product_cat?post=61260"},{"taxonomy":"product_tag","embeddable":true,"href":"https:\/\/trailerpartsplaza.com\/de\/wp-json\/wp\/v2\/product_tag?post=61260"}],"curies":[{"name":"wp","href":"https:\/\/api.w.org\/{rel}","templated":true}]}}