{"id":61266,"date":"2025-04-01T13:15:26","date_gmt":"2025-04-01T13:15:26","guid":{"rendered":"https:\/\/trailerpartsplaza.com\/product\/schaufelschloss-86x67mm-vierkant-8mm\/"},"modified":"2025-04-01T13:15:26","modified_gmt":"2025-04-01T13:15:26","slug":"schaufelschloss-86x67mm-vierkant-8mm","status":"publish","type":"product","link":"https:\/\/trailerpartsplaza.com\/de\/produkt\/schaufelschloss-86x67mm-vierkant-8mm\/","title":{"rendered":"Schaufelschloss 86x67mm.Vierkant 8mm."},"content":{"rendered":"","protected":false},"excerpt":{"rendered":"<p>Das Eimerschloss 86x67mm.quadratisch 8mm. ist f\u00fcr zuverl\u00e4ssige Leistung und Haltbarkeit konzipiert. Sowohl f\u00fcr leichte als auch f\u00fcr schwerere Anwendungen geeignet. Ideal f\u00fcr Anh\u00e4nger, Wohnwagen und andere Transportger\u00e4te. M\u00f6chten Sie weitere Informationen zu diesem Produkt? Dann nehmen Sie Kontakt mit uns auf!     <\/p>\n","protected":false},"featured_media":54549,"comment_status":"open","ping_status":"closed","template":"","meta":{"_joinchat":[]},"product_brand":[],"product_cat":[1007,1008],"product_tag":[],"class_list":{"0":"post-61266","1":"product","2":"type-product","3":"status-publish","4":"has-post-thumbnail","6":"product_cat-diebstahlsicherung","7":"product_cat-schlosser","10":"first","11":"instock","12":"taxable","13":"shipping-taxable","14":"purchasable","15":"product-type-simple"},"_links":{"self":[{"href":"https:\/\/trailerpartsplaza.com\/de\/wp-json\/wp\/v2\/product\/61266"}],"collection":[{"href":"https:\/\/trailerpartsplaza.com\/de\/wp-json\/wp\/v2\/product"}],"about":[{"href":"https:\/\/trailerpartsplaza.com\/de\/wp-json\/wp\/v2\/types\/product"}],"replies":[{"embeddable":true,"href":"https:\/\/trailerpartsplaza.com\/de\/wp-json\/wp\/v2\/comments?post=61266"}],"wp:featuredmedia":[{"embeddable":true,"href":"https:\/\/trailerpartsplaza.com\/de\/wp-json\/wp\/v2\/media\/54549"}],"wp:attachment":[{"href":"https:\/\/trailerpartsplaza.com\/de\/wp-json\/wp\/v2\/media?parent=61266"}],"wp:term":[{"taxonomy":"product_brand","embeddable":true,"href":"https:\/\/trailerpartsplaza.com\/de\/wp-json\/wp\/v2\/product_brand?post=61266"},{"taxonomy":"product_cat","embeddable":true,"href":"https:\/\/trailerpartsplaza.com\/de\/wp-json\/wp\/v2\/product_cat?post=61266"},{"taxonomy":"product_tag","embeddable":true,"href":"https:\/\/trailerpartsplaza.com\/de\/wp-json\/wp\/v2\/product_tag?post=61266"}],"curies":[{"name":"wp","href":"https:\/\/api.w.org\/{rel}","templated":true}]}}