{"id":61290,"date":"2025-04-01T13:15:47","date_gmt":"2025-04-01T13:15:47","guid":{"rendered":"https:\/\/trailerpartsplaza.com\/product\/abschleppschloss-metall-sicherheit-fuer-die-hintertuer\/"},"modified":"2025-10-21T07:03:29","modified_gmt":"2025-10-21T07:03:29","slug":"abschleppschloss-metall-sicherheit-fuer-die-hintertuer","status":"publish","type":"product","link":"https:\/\/trailerpartsplaza.com\/de\/produkt\/abschleppschloss-metall-sicherheit-fuer-die-hintertuer\/","title":{"rendered":"Abschleppschloss Metall &#8211; Sicherheit f\u00fcr die Hintert\u00fcr"},"content":{"rendered":"","protected":false},"excerpt":{"rendered":"<p>Das Deichselschloss Metall &#8211; Heckt\u00fcrsicherung ist f\u00fcr zuverl\u00e4ssige Leistung und Langlebigkeit ausgelegt. Sowohl f\u00fcr leichte als auch f\u00fcr schwerere Anwendungen geeignet. Entwickelt f\u00fcr lange Lebensdauer und Benutzerfreundlichkeit. M\u00f6chten Sie weitere Informationen zu diesem Produkt? Dann nehmen Sie Kontakt mit uns auf!<\/p>\n","protected":false},"featured_media":54570,"comment_status":"open","ping_status":"closed","template":"","meta":{"_joinchat":[]},"product_brand":[],"product_cat":[1007,1008],"product_tag":[],"class_list":{"0":"post-61290","1":"product","2":"type-product","3":"status-publish","4":"has-post-thumbnail","6":"product_cat-diebstahlsicherung","7":"product_cat-schlosser","10":"first","11":"instock","12":"taxable","13":"shipping-taxable","14":"purchasable","15":"product-type-simple"},"_links":{"self":[{"href":"https:\/\/trailerpartsplaza.com\/de\/wp-json\/wp\/v2\/product\/61290"}],"collection":[{"href":"https:\/\/trailerpartsplaza.com\/de\/wp-json\/wp\/v2\/product"}],"about":[{"href":"https:\/\/trailerpartsplaza.com\/de\/wp-json\/wp\/v2\/types\/product"}],"replies":[{"embeddable":true,"href":"https:\/\/trailerpartsplaza.com\/de\/wp-json\/wp\/v2\/comments?post=61290"}],"wp:featuredmedia":[{"embeddable":true,"href":"https:\/\/trailerpartsplaza.com\/de\/wp-json\/wp\/v2\/media\/54570"}],"wp:attachment":[{"href":"https:\/\/trailerpartsplaza.com\/de\/wp-json\/wp\/v2\/media?parent=61290"}],"wp:term":[{"taxonomy":"product_brand","embeddable":true,"href":"https:\/\/trailerpartsplaza.com\/de\/wp-json\/wp\/v2\/product_brand?post=61290"},{"taxonomy":"product_cat","embeddable":true,"href":"https:\/\/trailerpartsplaza.com\/de\/wp-json\/wp\/v2\/product_cat?post=61290"},{"taxonomy":"product_tag","embeddable":true,"href":"https:\/\/trailerpartsplaza.com\/de\/wp-json\/wp\/v2\/product_tag?post=61290"}],"curies":[{"name":"wp","href":"https:\/\/api.w.org\/{rel}","templated":true}]}}