{"id":61304,"date":"2025-04-01T13:16:18","date_gmt":"2025-04-01T13:16:18","guid":{"rendered":"https:\/\/trailerpartsplaza.com\/product\/nasenrad-60mm-felge-metall-220x65mm\/"},"modified":"2025-04-01T13:16:18","modified_gmt":"2025-04-01T13:16:18","slug":"nasenrad-60mm-felge-metall-220x65mm","status":"publish","type":"product","link":"https:\/\/trailerpartsplaza.com\/de\/produkt\/nasenrad-60mm-felge-metall-220x65mm\/","title":{"rendered":"Nasenrad 60mm.Felge Metall 220x65mm."},"content":{"rendered":"","protected":false},"excerpt":{"rendered":"<p>Mit dem Bugrad 60mm.Felge Metall 220x65mm. k\u00f6nnen Sie Ihren Anh\u00e4nger oder Trailer leicht verbessern. Diese Version ist aus hochwertigem Material gefertigt und f\u00fcr den t\u00e4glichen Gebrauch geeignet. Ideal f\u00fcr Anh\u00e4nger, Wohnwagen und andere Transportmittel. M\u00f6chten Sie weitere Informationen zu diesem Produkt? Dann nehmen Sie Kontakt mit uns auf!     <\/p>\n","protected":false},"featured_media":54591,"comment_status":"open","ping_status":"closed","template":"","meta":{"_joinchat":[]},"product_brand":[],"product_cat":[1132,1108],"product_tag":[],"class_list":{"0":"post-61304","1":"product","2":"type-product","3":"status-publish","4":"has-post-thumbnail","6":"product_cat-60-mm","7":"product_cat-nasenrader-zubehor","10":"first","11":"instock","12":"taxable","13":"shipping-taxable","14":"purchasable","15":"product-type-simple"},"_links":{"self":[{"href":"https:\/\/trailerpartsplaza.com\/de\/wp-json\/wp\/v2\/product\/61304"}],"collection":[{"href":"https:\/\/trailerpartsplaza.com\/de\/wp-json\/wp\/v2\/product"}],"about":[{"href":"https:\/\/trailerpartsplaza.com\/de\/wp-json\/wp\/v2\/types\/product"}],"replies":[{"embeddable":true,"href":"https:\/\/trailerpartsplaza.com\/de\/wp-json\/wp\/v2\/comments?post=61304"}],"wp:featuredmedia":[{"embeddable":true,"href":"https:\/\/trailerpartsplaza.com\/de\/wp-json\/wp\/v2\/media\/54591"}],"wp:attachment":[{"href":"https:\/\/trailerpartsplaza.com\/de\/wp-json\/wp\/v2\/media?parent=61304"}],"wp:term":[{"taxonomy":"product_brand","embeddable":true,"href":"https:\/\/trailerpartsplaza.com\/de\/wp-json\/wp\/v2\/product_brand?post=61304"},{"taxonomy":"product_cat","embeddable":true,"href":"https:\/\/trailerpartsplaza.com\/de\/wp-json\/wp\/v2\/product_cat?post=61304"},{"taxonomy":"product_tag","embeddable":true,"href":"https:\/\/trailerpartsplaza.com\/de\/wp-json\/wp\/v2\/product_tag?post=61304"}],"curies":[{"name":"wp","href":"https:\/\/api.w.org\/{rel}","templated":true}]}}