{"id":61305,"date":"2025-04-01T13:16:09","date_gmt":"2025-04-01T13:16:09","guid":{"rendered":"https:\/\/trailerpartsplaza.com\/product\/nasenrad-48mm-felge-pvc-luftreifen-220x75mm\/"},"modified":"2025-04-01T13:16:09","modified_gmt":"2025-04-01T13:16:09","slug":"nasenrad-48mm-felge-pvc-luftreifen-220x75mm","status":"publish","type":"product","link":"https:\/\/trailerpartsplaza.com\/de\/produkt\/nasenrad-48mm-felge-pvc-luftreifen-220x75mm\/","title":{"rendered":"Nasenrad 48mm.Felge PVC-Luftreifen 220x75mm."},"content":{"rendered":"","protected":false},"excerpt":{"rendered":"<p>Mit dem Bugrad 48mm.Felge pvc Luftreifen 220x75mm. k\u00f6nnen Sie Ihren Anh\u00e4nger oder Trailer leicht verbessern. Diese Version ist aus hochwertigem Material gefertigt und f\u00fcr den t\u00e4glichen Gebrauch geeignet. Bitte kontaktieren Sie uns f\u00fcr weitere Informationen zu diesem Produkt. M\u00f6chten Sie weitere Informationen zu diesem Produkt? Dann nehmen Sie Kontakt mit uns auf!     <\/p>\n","protected":false},"featured_media":54588,"comment_status":"open","ping_status":"closed","template":"","meta":{"_joinchat":[]},"product_brand":[],"product_cat":[1121,1108],"product_tag":[],"class_list":{"0":"post-61305","1":"product","2":"type-product","3":"status-publish","4":"has-post-thumbnail","6":"product_cat-48-mm","7":"product_cat-nasenrader-zubehor","10":"first","11":"instock","12":"taxable","13":"shipping-taxable","14":"purchasable","15":"product-type-simple"},"_links":{"self":[{"href":"https:\/\/trailerpartsplaza.com\/de\/wp-json\/wp\/v2\/product\/61305"}],"collection":[{"href":"https:\/\/trailerpartsplaza.com\/de\/wp-json\/wp\/v2\/product"}],"about":[{"href":"https:\/\/trailerpartsplaza.com\/de\/wp-json\/wp\/v2\/types\/product"}],"replies":[{"embeddable":true,"href":"https:\/\/trailerpartsplaza.com\/de\/wp-json\/wp\/v2\/comments?post=61305"}],"wp:featuredmedia":[{"embeddable":true,"href":"https:\/\/trailerpartsplaza.com\/de\/wp-json\/wp\/v2\/media\/54588"}],"wp:attachment":[{"href":"https:\/\/trailerpartsplaza.com\/de\/wp-json\/wp\/v2\/media?parent=61305"}],"wp:term":[{"taxonomy":"product_brand","embeddable":true,"href":"https:\/\/trailerpartsplaza.com\/de\/wp-json\/wp\/v2\/product_brand?post=61305"},{"taxonomy":"product_cat","embeddable":true,"href":"https:\/\/trailerpartsplaza.com\/de\/wp-json\/wp\/v2\/product_cat?post=61305"},{"taxonomy":"product_tag","embeddable":true,"href":"https:\/\/trailerpartsplaza.com\/de\/wp-json\/wp\/v2\/product_tag?post=61305"}],"curies":[{"name":"wp","href":"https:\/\/api.w.org\/{rel}","templated":true}]}}