{"id":61321,"date":"2025-04-01T13:16:23","date_gmt":"2025-04-01T13:16:23","guid":{"rendered":"https:\/\/trailerpartsplaza.com\/product\/nasenrad-60mm-quadratische-metallfelge-200x60mm\/"},"modified":"2025-04-01T13:16:23","modified_gmt":"2025-04-01T13:16:23","slug":"nasenrad-60mm-quadratische-metallfelge-200x60mm","status":"publish","type":"product","link":"https:\/\/trailerpartsplaza.com\/de\/produkt\/nasenrad-60mm-quadratische-metallfelge-200x60mm\/","title":{"rendered":"Nasenrad 60mm.quadratische Metallfelge 200x60mm."},"content":{"rendered":"","protected":false},"excerpt":{"rendered":"<p>Das Nasenrad 60mm.quadratische Felge Metall 200x60mm. bietet robuste Unterst\u00fctzung f\u00fcr eine Vielzahl von Anwendungen. Sowohl f\u00fcr leichte als auch f\u00fcr schwerere Anwendungen geeignet. Eine h\u00e4ufig gew\u00e4hlte Komponente unter professionellen Anwendern. M\u00f6chten Sie weitere Informationen zu diesem Produkt? Dann nehmen Sie Kontakt mit uns auf!     <\/p>\n","protected":false},"featured_media":54597,"comment_status":"open","ping_status":"closed","template":"","meta":{"_joinchat":[]},"product_brand":[],"product_cat":[1132,1108],"product_tag":[],"class_list":{"0":"post-61321","1":"product","2":"type-product","3":"status-publish","4":"has-post-thumbnail","6":"product_cat-60-mm","7":"product_cat-nasenrader-zubehor","10":"first","11":"instock","12":"taxable","13":"shipping-taxable","14":"purchasable","15":"product-type-simple"},"_links":{"self":[{"href":"https:\/\/trailerpartsplaza.com\/de\/wp-json\/wp\/v2\/product\/61321"}],"collection":[{"href":"https:\/\/trailerpartsplaza.com\/de\/wp-json\/wp\/v2\/product"}],"about":[{"href":"https:\/\/trailerpartsplaza.com\/de\/wp-json\/wp\/v2\/types\/product"}],"replies":[{"embeddable":true,"href":"https:\/\/trailerpartsplaza.com\/de\/wp-json\/wp\/v2\/comments?post=61321"}],"wp:featuredmedia":[{"embeddable":true,"href":"https:\/\/trailerpartsplaza.com\/de\/wp-json\/wp\/v2\/media\/54597"}],"wp:attachment":[{"href":"https:\/\/trailerpartsplaza.com\/de\/wp-json\/wp\/v2\/media?parent=61321"}],"wp:term":[{"taxonomy":"product_brand","embeddable":true,"href":"https:\/\/trailerpartsplaza.com\/de\/wp-json\/wp\/v2\/product_brand?post=61321"},{"taxonomy":"product_cat","embeddable":true,"href":"https:\/\/trailerpartsplaza.com\/de\/wp-json\/wp\/v2\/product_cat?post=61321"},{"taxonomy":"product_tag","embeddable":true,"href":"https:\/\/trailerpartsplaza.com\/de\/wp-json\/wp\/v2\/product_tag?post=61321"}],"curies":[{"name":"wp","href":"https:\/\/api.w.org\/{rel}","templated":true}]}}