{"id":61343,"date":"2025-04-01T13:16:37","date_gmt":"2025-04-01T13:16:37","guid":{"rendered":"https:\/\/trailerpartsplaza.com\/product\/stuetzbein-vk-60-x-415-mm-klappbar-1350kg\/"},"modified":"2025-04-01T13:16:37","modified_gmt":"2025-04-01T13:16:37","slug":"stuetzbein-vk-60-x-415-mm-klappbar-1350kg","status":"publish","type":"product","link":"https:\/\/trailerpartsplaza.com\/de\/produkt\/stuetzbein-vk-60-x-415-mm-klappbar-1350kg\/","title":{"rendered":"St\u00fctzbein VK 60 x 415 mm. klappbar 1350kg."},"content":{"rendered":"","protected":false},"excerpt":{"rendered":"<p>Mit dem St\u00fctzfu\u00df vk 60 x 415 mm. faltbar 1350kg. k\u00f6nnen Sie Ihren Anh\u00e4nger oder Trailer leicht verbessern. Perfekt auf die g\u00e4ngigen Fahrzeugspezifikationen abgestimmt. Entwickelt f\u00fcr lange Lebensdauer und Benutzerfreundlichkeit. M\u00f6chten Sie weitere Informationen zu diesem Produkt? Dann nehmen Sie Kontakt mit uns auf!      <\/p>\n","protected":false},"featured_media":58210,"comment_status":"open","ping_status":"closed","template":"","meta":{"_joinchat":[]},"product_brand":[],"product_cat":[1108,1119],"product_tag":[],"class_list":{"0":"post-61343","1":"product","2":"type-product","3":"status-publish","4":"has-post-thumbnail","6":"product_cat-nasenrader-zubehor","7":"product_cat-stutzbeine","10":"first","11":"outofstock","12":"taxable","13":"shipping-taxable","14":"purchasable","15":"product-type-simple"},"_links":{"self":[{"href":"https:\/\/trailerpartsplaza.com\/de\/wp-json\/wp\/v2\/product\/61343"}],"collection":[{"href":"https:\/\/trailerpartsplaza.com\/de\/wp-json\/wp\/v2\/product"}],"about":[{"href":"https:\/\/trailerpartsplaza.com\/de\/wp-json\/wp\/v2\/types\/product"}],"replies":[{"embeddable":true,"href":"https:\/\/trailerpartsplaza.com\/de\/wp-json\/wp\/v2\/comments?post=61343"}],"wp:featuredmedia":[{"embeddable":true,"href":"https:\/\/trailerpartsplaza.com\/de\/wp-json\/wp\/v2\/media\/58210"}],"wp:attachment":[{"href":"https:\/\/trailerpartsplaza.com\/de\/wp-json\/wp\/v2\/media?parent=61343"}],"wp:term":[{"taxonomy":"product_brand","embeddable":true,"href":"https:\/\/trailerpartsplaza.com\/de\/wp-json\/wp\/v2\/product_brand?post=61343"},{"taxonomy":"product_cat","embeddable":true,"href":"https:\/\/trailerpartsplaza.com\/de\/wp-json\/wp\/v2\/product_cat?post=61343"},{"taxonomy":"product_tag","embeddable":true,"href":"https:\/\/trailerpartsplaza.com\/de\/wp-json\/wp\/v2\/product_tag?post=61343"}],"curies":[{"name":"wp","href":"https:\/\/api.w.org\/{rel}","templated":true}]}}