{"id":61422,"date":"2025-04-01T13:13:03","date_gmt":"2025-04-01T13:13:03","guid":{"rendered":"https:\/\/trailerpartsplaza.com\/product\/kupplungsvierkant-60mm-750kg-spp\/"},"modified":"2025-04-01T13:13:03","modified_gmt":"2025-04-01T13:13:03","slug":"kupplungsvierkant-60mm-750kg-spp","status":"publish","type":"product","link":"https:\/\/trailerpartsplaza.com\/de\/produkt\/kupplungsvierkant-60mm-750kg-spp\/","title":{"rendered":"Kupplungsvierkant 60mm\/750kg. SPP"},"content":{"rendered":"","protected":false},"excerpt":{"rendered":"<p>Der Kupplungsvierkant 60mm\/750kg ist f\u00fcr zuverl\u00e4ssige Leistung und Haltbarkeit ausgelegt. Perfekt auf die g\u00e4ngigen Fahrzeugspezifikationen abgestimmt. Ideal f\u00fcr Anh\u00e4nger, Wohnwagen und andere Transportmittel. M\u00f6chten Sie weitere Informationen zu diesem Produkt? Dann nehmen Sie Kontakt mit uns auf!<\/p>\n","protected":false},"featured_media":54315,"comment_status":"open","ping_status":"closed","template":"","meta":{"_joinchat":[]},"product_brand":[],"product_cat":[920,1155,1156],"product_tag":[],"class_list":{"0":"post-61422","1":"product","2":"type-product","3":"status-publish","4":"has-post-thumbnail","6":"product_cat-kupplungen-zubehor","7":"product_cat-links","8":"product_cat-quadratisch","11":"first","12":"instock","13":"taxable","14":"shipping-taxable","15":"purchasable","16":"product-type-simple"},"_links":{"self":[{"href":"https:\/\/trailerpartsplaza.com\/de\/wp-json\/wp\/v2\/product\/61422"}],"collection":[{"href":"https:\/\/trailerpartsplaza.com\/de\/wp-json\/wp\/v2\/product"}],"about":[{"href":"https:\/\/trailerpartsplaza.com\/de\/wp-json\/wp\/v2\/types\/product"}],"replies":[{"embeddable":true,"href":"https:\/\/trailerpartsplaza.com\/de\/wp-json\/wp\/v2\/comments?post=61422"}],"wp:featuredmedia":[{"embeddable":true,"href":"https:\/\/trailerpartsplaza.com\/de\/wp-json\/wp\/v2\/media\/54315"}],"wp:attachment":[{"href":"https:\/\/trailerpartsplaza.com\/de\/wp-json\/wp\/v2\/media?parent=61422"}],"wp:term":[{"taxonomy":"product_brand","embeddable":true,"href":"https:\/\/trailerpartsplaza.com\/de\/wp-json\/wp\/v2\/product_brand?post=61422"},{"taxonomy":"product_cat","embeddable":true,"href":"https:\/\/trailerpartsplaza.com\/de\/wp-json\/wp\/v2\/product_cat?post=61422"},{"taxonomy":"product_tag","embeddable":true,"href":"https:\/\/trailerpartsplaza.com\/de\/wp-json\/wp\/v2\/product_tag?post=61422"}],"curies":[{"name":"wp","href":"https:\/\/api.w.org\/{rel}","templated":true}]}}